{"id":197877,"date":"2023-01-24T05:40:05","date_gmt":"2023-01-24T03:40:05","guid":{"rendered":"https:\/\/sleepwellbed.com\/product\/top-latex-etno-duo-kattemadrats\/"},"modified":"2026-04-10T08:18:39","modified_gmt":"2026-04-10T05:18:39","slug":"top-latex-etno-duo-virsmatracis","status":"publish","type":"product","link":"https:\/\/sleepwellbed.com\/lv\/product\/top-latex-etno-duo-virsmatracis\/","title":{"rendered":"TOP LATEX ETNO DUO VIRSMATRACIS"},"content":{"rendered":"<p>Virsmatracis ar spraug\u0101m, ar kura pal\u012bdz\u012bbu var apvienot motorgultu vien\u0101 veselum\u0101, \u013caujot atsevi\u0161\u0137i darbin\u0101t galvas un k\u0101ju nodal\u012bjumu.<br \/>Virsmatra\u010da sast\u0101v\u0101 ir 3 cm biezs lateksa sl\u0101nis, kas izgatavots no dab\u012bg\u0101s kau\u010duka koka sulas, bet t\u0101 perfor\u0101cija \u013cauj gaisam pl\u016bst cauri materi\u0101lam, t\u0101d\u0113j\u0101di samazinot sv\u012b\u0161anas risku.<\/p>\n<p>Papildkomfortu nodro\u0161ina vilna vien\u0101 pus\u0113 (ziemas pus\u0113), bet kokvilna otr\u0101 pus\u0113 (vasaras pus\u0113).<br \/>Elast\u012bgais audums ar tautisko rakstu ir m\u012bksts un \u0137ermenim draudz\u012bgs, tam ir 100% dab\u012bga <strong>Sensity\u2122 apstr\u0101de<\/strong>, kas nov\u0113r\u0161 putek\u013cu \u0113rc\u012b\u0161u vairo\u0161anos.<br \/>Matra\u010da p\u0101rvalks ir no\u0146emams un to dr\u012bkst mazg\u0101t \u016bden\u012b, <strong>kura temperat\u016bra nep\u0101rsniedz 40 gr\u0101dus.<\/strong><br \/>Pieejamie izm\u0113ri 160&#215;200 ja 180x200cm.<\/p>\n<p>Produkts ir izstr\u0101d\u0101ts un ra\u017eots Igaunij\u0101.<br \/><strong>Sleepwell izstr\u0101d\u0101jumos izmantotie materi\u0101li, piem\u0113ram, audums, kokvilna, vilna un vatel\u012bns, atbilst starptautiskajam \u00d6ko-Tex 100 standartam.<\/strong><\/p>\n","protected":false},"excerpt":{"rendered":"<p><b>Virsmatracis ar spraug\u0101m<\/b>, ar kura pal\u012bdz\u012bbu var apvienot motorgultu vien\u0101 veselum\u0101, \u013caujot atsevi\u0161\u0137i darbin\u0101t galvas un k\u0101ju nodal\u012bjumu.<\/p>\n<p>T\u0101 sast\u0101v\u0101 ir <b>lateksa sl\u0101nis, kas izgatavots no dab\u012bg\u0101s kau\u010duka koka sulas.<\/b><\/p>\n<p>P\u0101rkl\u0101juma audumam ar tautisko rokdarbu rakstu ir<b> Sensity\u2122 aizsardz\u012bba pret putek\u013cu \u0113rc\u012bt\u0113m<\/b>.<\/p>\n","protected":false},"featured_media":564262,"template":"","meta":{"_acf_changed":false},"product_brand":[],"product_cat":[705],"product_tag":[715],"class_list":{"0":"post-197877","1":"product","2":"type-product","3":"status-publish","4":"has-post-thumbnail","6":"product_cat-virsmatracis","7":"product_tag-top-lv","8":"description-off","10":"first","11":"outofstock","12":"sale","13":"taxable","14":"shipping-taxable","15":"purchasable","16":"product-type-variable"},"acf":[],"yoast_head":"<!-- This site is optimized with the Yoast SEO plugin v27.0 - https:\/\/yoast.com\/product\/yoast-seo-wordpress\/ -->\n<title>TOP LATEX ETNO DUO VIRSMATRACIS - Sleepwell<\/title>\n<meta name=\"robots\" content=\"index, follow, max-snippet:-1, max-image-preview:large, max-video-preview:-1\" \/>\n<link rel=\"canonical\" href=\"https:\/\/sleepwellbed.com\/lv\/product\/top-latex-etno-duo-virsmatracis\/\" \/>\n<meta property=\"og:locale\" content=\"lv_LV\" \/>\n<meta property=\"og:type\" content=\"article\" \/>\n<meta property=\"og:title\" content=\"TOP LATEX ETNO DUO VIRSMATRACIS - Sleepwell\" \/>\n<meta property=\"og:description\" content=\"Virsmatracis ar spraug\u0101m, ar kura pal\u012bdz\u012bbu var apvienot motorgultu vien\u0101 veselum\u0101, \u013caujot atsevi\u0161\u0137i darbin\u0101t galvas un k\u0101ju nodal\u012bjumu.T\u0101 sast\u0101v\u0101 ir lateksa sl\u0101nis, kas izgatavots no dab\u012bg\u0101s kau\u010duka koka sulas.P\u0101rkl\u0101juma audumam ar tautisko rokdarbu rakstu ir Sensity\u2122 aizsardz\u012bba pret putek\u013cu \u0113rc\u012bt\u0113m.\" \/>\n<meta property=\"og:url\" content=\"https:\/\/sleepwellbed.com\/lv\/product\/top-latex-etno-duo-virsmatracis\/\" \/>\n<meta property=\"og:site_name\" content=\"Sleepwell\" \/>\n<meta property=\"article:modified_time\" content=\"2026-04-10T05:18:39+00:00\" \/>\n<meta property=\"og:image\" content=\"https:\/\/sleepwellbed.com\/wp-content\/uploads\/2025\/11\/TOP-LATEX-ETNO-DUO-160-labiloige-kattemadrats.png\" \/>\n\t<meta property=\"og:image:width\" content=\"1414\" \/>\n\t<meta property=\"og:image:height\" content=\"1000\" \/>\n\t<meta property=\"og:image:type\" content=\"image\/png\" \/>\n<meta name=\"twitter:card\" content=\"summary_large_image\" \/>\n<meta name=\"twitter:label1\" content=\"Est. reading time\" \/>\n\t<meta name=\"twitter:data1\" content=\"1 minute\" \/>\n<script type=\"application\/ld+json\" class=\"yoast-schema-graph\">{\"@context\":\"https:\/\/schema.org\",\"@graph\":[{\"@type\":\"WebPage\",\"@id\":\"https:\/\/sleepwellbed.com\/lv\/product\/top-latex-etno-duo-virsmatracis\/\",\"url\":\"https:\/\/sleepwellbed.com\/lv\/product\/top-latex-etno-duo-virsmatracis\/\",\"name\":\"TOP LATEX ETNO DUO VIRSMATRACIS - Sleepwell\",\"isPartOf\":{\"@id\":\"https:\/\/sleepwellbed.com\/#website\"},\"primaryImageOfPage\":{\"@id\":\"https:\/\/sleepwellbed.com\/lv\/product\/top-latex-etno-duo-virsmatracis\/#primaryimage\"},\"image\":{\"@id\":\"https:\/\/sleepwellbed.com\/lv\/product\/top-latex-etno-duo-virsmatracis\/#primaryimage\"},\"thumbnailUrl\":\"https:\/\/sleepwellbed.com\/wp-content\/uploads\/2025\/11\/TOP-LATEX-ETNO-DUO-160-labiloige-kattemadrats.png\",\"datePublished\":\"2023-01-24T03:40:05+00:00\",\"dateModified\":\"2026-04-10T05:18:39+00:00\",\"breadcrumb\":{\"@id\":\"https:\/\/sleepwellbed.com\/lv\/product\/top-latex-etno-duo-virsmatracis\/#breadcrumb\"},\"inLanguage\":\"lv-LV\",\"potentialAction\":[{\"@type\":\"ReadAction\",\"target\":[\"https:\/\/sleepwellbed.com\/lv\/product\/top-latex-etno-duo-virsmatracis\/\"]}]},{\"@type\":\"ImageObject\",\"inLanguage\":\"lv-LV\",\"@id\":\"https:\/\/sleepwellbed.com\/lv\/product\/top-latex-etno-duo-virsmatracis\/#primaryimage\",\"url\":\"https:\/\/sleepwellbed.com\/wp-content\/uploads\/2025\/11\/TOP-LATEX-ETNO-DUO-160-labiloige-kattemadrats.png\",\"contentUrl\":\"https:\/\/sleepwellbed.com\/wp-content\/uploads\/2025\/11\/TOP-LATEX-ETNO-DUO-160-labiloige-kattemadrats.png\",\"width\":1414,\"height\":1000},{\"@type\":\"BreadcrumbList\",\"@id\":\"https:\/\/sleepwellbed.com\/lv\/product\/top-latex-etno-duo-virsmatracis\/#breadcrumb\",\"itemListElement\":[{\"@type\":\"ListItem\",\"position\":1,\"name\":\"Home\",\"item\":\"https:\/\/sleepwellbed.com\/lv\/\"},{\"@type\":\"ListItem\",\"position\":2,\"name\":\"Preces\",\"item\":\"https:\/\/sleepwellbed.com\/lv\/preces\/\"},{\"@type\":\"ListItem\",\"position\":3,\"name\":\"TOP LATEX ETNO DUO VIRSMATRACIS\"}]},{\"@type\":\"WebSite\",\"@id\":\"https:\/\/sleepwellbed.com\/#website\",\"url\":\"https:\/\/sleepwellbed.com\/\",\"name\":\"Sleepwell\",\"description\":\"\",\"potentialAction\":[{\"@type\":\"SearchAction\",\"target\":{\"@type\":\"EntryPoint\",\"urlTemplate\":\"https:\/\/sleepwellbed.com\/?s={search_term_string}\"},\"query-input\":{\"@type\":\"PropertyValueSpecification\",\"valueRequired\":true,\"valueName\":\"search_term_string\"}}],\"inLanguage\":\"lv-LV\"}]}<\/script>\n<!-- \/ Yoast SEO plugin. -->","yoast_head_json":{"title":"TOP LATEX ETNO DUO VIRSMATRACIS - Sleepwell","robots":{"index":"index","follow":"follow","max-snippet":"max-snippet:-1","max-image-preview":"max-image-preview:large","max-video-preview":"max-video-preview:-1"},"canonical":"https:\/\/sleepwellbed.com\/lv\/product\/top-latex-etno-duo-virsmatracis\/","og_locale":"lv_LV","og_type":"article","og_title":"TOP LATEX ETNO DUO VIRSMATRACIS - Sleepwell","og_description":"Virsmatracis ar spraug\u0101m, ar kura pal\u012bdz\u012bbu var apvienot motorgultu vien\u0101 veselum\u0101, \u013caujot atsevi\u0161\u0137i darbin\u0101t galvas un k\u0101ju nodal\u012bjumu.T\u0101 sast\u0101v\u0101 ir lateksa sl\u0101nis, kas izgatavots no dab\u012bg\u0101s kau\u010duka koka sulas.P\u0101rkl\u0101juma audumam ar tautisko rokdarbu rakstu ir Sensity\u2122 aizsardz\u012bba pret putek\u013cu \u0113rc\u012bt\u0113m.","og_url":"https:\/\/sleepwellbed.com\/lv\/product\/top-latex-etno-duo-virsmatracis\/","og_site_name":"Sleepwell","article_modified_time":"2026-04-10T05:18:39+00:00","og_image":[{"width":1414,"height":1000,"url":"https:\/\/sleepwellbed.com\/wp-content\/uploads\/2025\/11\/TOP-LATEX-ETNO-DUO-160-labiloige-kattemadrats.png","type":"image\/png"}],"twitter_card":"summary_large_image","twitter_misc":{"Est. reading time":"1 minute"},"schema":{"@context":"https:\/\/schema.org","@graph":[{"@type":"WebPage","@id":"https:\/\/sleepwellbed.com\/lv\/product\/top-latex-etno-duo-virsmatracis\/","url":"https:\/\/sleepwellbed.com\/lv\/product\/top-latex-etno-duo-virsmatracis\/","name":"TOP LATEX ETNO DUO VIRSMATRACIS - Sleepwell","isPartOf":{"@id":"https:\/\/sleepwellbed.com\/#website"},"primaryImageOfPage":{"@id":"https:\/\/sleepwellbed.com\/lv\/product\/top-latex-etno-duo-virsmatracis\/#primaryimage"},"image":{"@id":"https:\/\/sleepwellbed.com\/lv\/product\/top-latex-etno-duo-virsmatracis\/#primaryimage"},"thumbnailUrl":"https:\/\/sleepwellbed.com\/wp-content\/uploads\/2025\/11\/TOP-LATEX-ETNO-DUO-160-labiloige-kattemadrats.png","datePublished":"2023-01-24T03:40:05+00:00","dateModified":"2026-04-10T05:18:39+00:00","breadcrumb":{"@id":"https:\/\/sleepwellbed.com\/lv\/product\/top-latex-etno-duo-virsmatracis\/#breadcrumb"},"inLanguage":"lv-LV","potentialAction":[{"@type":"ReadAction","target":["https:\/\/sleepwellbed.com\/lv\/product\/top-latex-etno-duo-virsmatracis\/"]}]},{"@type":"ImageObject","inLanguage":"lv-LV","@id":"https:\/\/sleepwellbed.com\/lv\/product\/top-latex-etno-duo-virsmatracis\/#primaryimage","url":"https:\/\/sleepwellbed.com\/wp-content\/uploads\/2025\/11\/TOP-LATEX-ETNO-DUO-160-labiloige-kattemadrats.png","contentUrl":"https:\/\/sleepwellbed.com\/wp-content\/uploads\/2025\/11\/TOP-LATEX-ETNO-DUO-160-labiloige-kattemadrats.png","width":1414,"height":1000},{"@type":"BreadcrumbList","@id":"https:\/\/sleepwellbed.com\/lv\/product\/top-latex-etno-duo-virsmatracis\/#breadcrumb","itemListElement":[{"@type":"ListItem","position":1,"name":"Home","item":"https:\/\/sleepwellbed.com\/lv\/"},{"@type":"ListItem","position":2,"name":"Preces","item":"https:\/\/sleepwellbed.com\/lv\/preces\/"},{"@type":"ListItem","position":3,"name":"TOP LATEX ETNO DUO VIRSMATRACIS"}]},{"@type":"WebSite","@id":"https:\/\/sleepwellbed.com\/#website","url":"https:\/\/sleepwellbed.com\/","name":"Sleepwell","description":"","potentialAction":[{"@type":"SearchAction","target":{"@type":"EntryPoint","urlTemplate":"https:\/\/sleepwellbed.com\/?s={search_term_string}"},"query-input":{"@type":"PropertyValueSpecification","valueRequired":true,"valueName":"search_term_string"}}],"inLanguage":"lv-LV"}]}},"_links":{"self":[{"href":"https:\/\/sleepwellbed.com\/lv\/wp-json\/wp\/v2\/product\/197877","targetHints":{"allow":["GET"]}}],"collection":[{"href":"https:\/\/sleepwellbed.com\/lv\/wp-json\/wp\/v2\/product"}],"about":[{"href":"https:\/\/sleepwellbed.com\/lv\/wp-json\/wp\/v2\/types\/product"}],"wp:featuredmedia":[{"embeddable":true,"href":"https:\/\/sleepwellbed.com\/lv\/wp-json\/wp\/v2\/media\/564262"}],"wp:attachment":[{"href":"https:\/\/sleepwellbed.com\/lv\/wp-json\/wp\/v2\/media?parent=197877"}],"wp:term":[{"taxonomy":"product_brand","embeddable":true,"href":"https:\/\/sleepwellbed.com\/lv\/wp-json\/wp\/v2\/product_brand?post=197877"},{"taxonomy":"product_cat","embeddable":true,"href":"https:\/\/sleepwellbed.com\/lv\/wp-json\/wp\/v2\/product_cat?post=197877"},{"taxonomy":"product_tag","embeddable":true,"href":"https:\/\/sleepwellbed.com\/lv\/wp-json\/wp\/v2\/product_tag?post=197877"}],"curies":[{"name":"wp","href":"https:\/\/api.w.org\/{rel}","templated":true}]}}