{"id":198141,"date":"2023-01-24T06:20:05","date_gmt":"2023-01-24T04:20:05","guid":{"rendered":"https:\/\/sleepwellbed.com\/product\/daggkapa-kaitselinad\/"},"modified":"2026-04-17T04:51:47","modified_gmt":"2026-04-17T01:51:47","slug":"daggkapa-slanis-virsmatracim","status":"publish","type":"product","link":"https:\/\/sleepwellbed.com\/lv\/product\/daggkapa-slanis-virsmatracim\/","title":{"rendered":"DAGGKA\u030aPA SL\u0100NIS VIRSMATRACIM"},"content":{"rendered":"<p>Higi\u0113nas nodro\u0161in\u0101\u0161anai tiek izmantots k\u0101 mitruma necaurlaid\u012bgs sl\u0101nis gan b\u0113rnu, gan pieaugu\u0161o matra\u010diem.<br \/>Virsmatra\u010diem paredz\u0113tais materi\u0101ls Daggkapa ir p\u0101rkl\u0101ts ar Lyocell virsk\u0101rtu, kura izgatavo\u0161anai ir izmantots \u0101tri augo\u0161ais eikalipta koks.<br \/>Matra\u010du un b\u0113rnu matra\u010du aizsargpalagi ir p\u0101rkl\u0101ti ar \u0113rtu virsk\u0101rtu no kokvilnas un poliestera.<br \/>Daggkapa aizsargspilvendr\u0101nas ir p\u0101rkl\u0101tas ar Lyocell k\u0101rtu, kas izgatavota no eikalipta.<\/p>\n<p>Virsk\u0101rta absorb\u0113 \u0161\u0137idrumu l\u012bdz sava dubult\u0101 svara apjomam.<br \/>Palags ar gumiju ir viegli uzkl\u0101jams, k\u0101 ar\u012b tas dro\u0161i atrodas sav\u0101 viet\u0101.<\/p>\n<p>Tas var iztur\u0113t \u012bdz 100 mazg\u0101\u0161anas reizes, saglab\u0101jot savas \u012bpa\u0161\u012bbas.<br \/><strong>Tam ir pie\u0161\u0137irts vides ekolo\u0123iskais mar\u0137\u0113jums Oeko-Tex 100 standarts.<\/strong><\/p>\n","protected":false},"excerpt":{"rendered":"<p>Izmanto k\u0101<b> mitruma necaurlaid\u012bgu sl\u0101ni <\/b>uz virsmatra\u010diem, atsperu matra\u010diem vai spilveniem, <b>lai nodro\u0161in\u0101tu higi\u0113nu.<\/b><\/p>\n<p>Virsk\u0101rta uzs\u016bc \u0161\u0137idrumu l\u012bdz pat <b>divk\u0101rt\u0113ja sava svara apm\u0113r\u0101<\/b>.<\/p>\n<p>Higi\u0113nisks, elpojo\u0161s un <b>\u0161\u0137idrumu atgr\u016bdo\u0161s.<\/b><\/p>\n","protected":false},"featured_media":564266,"template":"","meta":{"_acf_changed":false},"product_brand":[],"product_cat":[705],"product_tag":[715],"class_list":{"0":"post-198141","1":"product","2":"type-product","3":"status-publish","4":"has-post-thumbnail","6":"product_cat-virsmatracis","7":"product_tag-top-lv","8":"description-off","10":"first","11":"outofstock","12":"sale","13":"taxable","14":"shipping-taxable","15":"purchasable","16":"product-type-variable"},"acf":[],"yoast_head":"<!-- This site is optimized with the Yoast SEO plugin v27.0 - https:\/\/yoast.com\/product\/yoast-seo-wordpress\/ -->\n<title>DAGGKA\u030aPA SL\u0100NIS VIRSMATRACIM - Sleepwell<\/title>\n<meta name=\"robots\" content=\"index, follow, max-snippet:-1, max-image-preview:large, max-video-preview:-1\" \/>\n<link rel=\"canonical\" href=\"https:\/\/sleepwellbed.com\/lv\/product\/daggkapa-slanis-virsmatracim\/\" \/>\n<meta property=\"og:locale\" content=\"lv_LV\" \/>\n<meta property=\"og:type\" content=\"article\" \/>\n<meta property=\"og:title\" content=\"DAGGKA\u030aPA SL\u0100NIS VIRSMATRACIM - Sleepwell\" \/>\n<meta property=\"og:description\" content=\"Izmanto k\u0101 mitruma necaurlaid\u012bgu sl\u0101ni uz virsmatra\u010diem, atsperu matra\u010diem vai spilveniem, lai nodro\u0161in\u0101tu higi\u0113nu.Virsk\u0101rta uzs\u016bc \u0161\u0137idrumu l\u012bdz pat divk\u0101rt\u0113ja sava svara apm\u0113r\u0101.Higi\u0113nisks, elpojo\u0161s un \u0161\u0137idrumu atgr\u016bdo\u0161s.\" \/>\n<meta property=\"og:url\" content=\"https:\/\/sleepwellbed.com\/lv\/product\/daggkapa-slanis-virsmatracim\/\" \/>\n<meta property=\"og:site_name\" content=\"Sleepwell\" \/>\n<meta property=\"article:modified_time\" content=\"2026-04-17T01:51:47+00:00\" \/>\n<meta property=\"og:image\" content=\"https:\/\/sleepwellbed.com\/wp-content\/uploads\/2025\/11\/IMG_8456daggkapa-\u2013-toodeldud.png\" \/>\n\t<meta property=\"og:image:width\" content=\"1600\" \/>\n\t<meta property=\"og:image:height\" content=\"643\" \/>\n\t<meta property=\"og:image:type\" content=\"image\/png\" \/>\n<meta name=\"twitter:card\" content=\"summary_large_image\" \/>\n<meta name=\"twitter:label1\" content=\"Est. reading time\" \/>\n\t<meta name=\"twitter:data1\" content=\"1 minute\" \/>\n<script type=\"application\/ld+json\" class=\"yoast-schema-graph\">{\"@context\":\"https:\/\/schema.org\",\"@graph\":[{\"@type\":\"WebPage\",\"@id\":\"https:\/\/sleepwellbed.com\/lv\/product\/daggkapa-slanis-virsmatracim\/\",\"url\":\"https:\/\/sleepwellbed.com\/lv\/product\/daggkapa-slanis-virsmatracim\/\",\"name\":\"DAGGKA\u030aPA SL\u0100NIS VIRSMATRACIM - Sleepwell\",\"isPartOf\":{\"@id\":\"https:\/\/sleepwellbed.com\/#website\"},\"primaryImageOfPage\":{\"@id\":\"https:\/\/sleepwellbed.com\/lv\/product\/daggkapa-slanis-virsmatracim\/#primaryimage\"},\"image\":{\"@id\":\"https:\/\/sleepwellbed.com\/lv\/product\/daggkapa-slanis-virsmatracim\/#primaryimage\"},\"thumbnailUrl\":\"https:\/\/sleepwellbed.com\/wp-content\/uploads\/2025\/11\/IMG_8456daggkapa-\u2013-toodeldud.png\",\"datePublished\":\"2023-01-24T04:20:05+00:00\",\"dateModified\":\"2026-04-17T01:51:47+00:00\",\"breadcrumb\":{\"@id\":\"https:\/\/sleepwellbed.com\/lv\/product\/daggkapa-slanis-virsmatracim\/#breadcrumb\"},\"inLanguage\":\"lv-LV\",\"potentialAction\":[{\"@type\":\"ReadAction\",\"target\":[\"https:\/\/sleepwellbed.com\/lv\/product\/daggkapa-slanis-virsmatracim\/\"]}]},{\"@type\":\"ImageObject\",\"inLanguage\":\"lv-LV\",\"@id\":\"https:\/\/sleepwellbed.com\/lv\/product\/daggkapa-slanis-virsmatracim\/#primaryimage\",\"url\":\"https:\/\/sleepwellbed.com\/wp-content\/uploads\/2025\/11\/IMG_8456daggkapa-\u2013-toodeldud.png\",\"contentUrl\":\"https:\/\/sleepwellbed.com\/wp-content\/uploads\/2025\/11\/IMG_8456daggkapa-\u2013-toodeldud.png\",\"width\":1600,\"height\":643},{\"@type\":\"BreadcrumbList\",\"@id\":\"https:\/\/sleepwellbed.com\/lv\/product\/daggkapa-slanis-virsmatracim\/#breadcrumb\",\"itemListElement\":[{\"@type\":\"ListItem\",\"position\":1,\"name\":\"Home\",\"item\":\"https:\/\/sleepwellbed.com\/lv\/\"},{\"@type\":\"ListItem\",\"position\":2,\"name\":\"Preces\",\"item\":\"https:\/\/sleepwellbed.com\/lv\/preces\/\"},{\"@type\":\"ListItem\",\"position\":3,\"name\":\"DAGGKA\u030aPA SL\u0100NIS VIRSMATRACIM\"}]},{\"@type\":\"WebSite\",\"@id\":\"https:\/\/sleepwellbed.com\/#website\",\"url\":\"https:\/\/sleepwellbed.com\/\",\"name\":\"Sleepwell\",\"description\":\"\",\"potentialAction\":[{\"@type\":\"SearchAction\",\"target\":{\"@type\":\"EntryPoint\",\"urlTemplate\":\"https:\/\/sleepwellbed.com\/?s={search_term_string}\"},\"query-input\":{\"@type\":\"PropertyValueSpecification\",\"valueRequired\":true,\"valueName\":\"search_term_string\"}}],\"inLanguage\":\"lv-LV\"}]}<\/script>\n<!-- \/ Yoast SEO plugin. -->","yoast_head_json":{"title":"DAGGKA\u030aPA SL\u0100NIS VIRSMATRACIM - Sleepwell","robots":{"index":"index","follow":"follow","max-snippet":"max-snippet:-1","max-image-preview":"max-image-preview:large","max-video-preview":"max-video-preview:-1"},"canonical":"https:\/\/sleepwellbed.com\/lv\/product\/daggkapa-slanis-virsmatracim\/","og_locale":"lv_LV","og_type":"article","og_title":"DAGGKA\u030aPA SL\u0100NIS VIRSMATRACIM - Sleepwell","og_description":"Izmanto k\u0101 mitruma necaurlaid\u012bgu sl\u0101ni uz virsmatra\u010diem, atsperu matra\u010diem vai spilveniem, lai nodro\u0161in\u0101tu higi\u0113nu.Virsk\u0101rta uzs\u016bc \u0161\u0137idrumu l\u012bdz pat divk\u0101rt\u0113ja sava svara apm\u0113r\u0101.Higi\u0113nisks, elpojo\u0161s un \u0161\u0137idrumu atgr\u016bdo\u0161s.","og_url":"https:\/\/sleepwellbed.com\/lv\/product\/daggkapa-slanis-virsmatracim\/","og_site_name":"Sleepwell","article_modified_time":"2026-04-17T01:51:47+00:00","og_image":[{"width":1600,"height":643,"url":"https:\/\/sleepwellbed.com\/wp-content\/uploads\/2025\/11\/IMG_8456daggkapa-\u2013-toodeldud.png","type":"image\/png"}],"twitter_card":"summary_large_image","twitter_misc":{"Est. reading time":"1 minute"},"schema":{"@context":"https:\/\/schema.org","@graph":[{"@type":"WebPage","@id":"https:\/\/sleepwellbed.com\/lv\/product\/daggkapa-slanis-virsmatracim\/","url":"https:\/\/sleepwellbed.com\/lv\/product\/daggkapa-slanis-virsmatracim\/","name":"DAGGKA\u030aPA SL\u0100NIS VIRSMATRACIM - Sleepwell","isPartOf":{"@id":"https:\/\/sleepwellbed.com\/#website"},"primaryImageOfPage":{"@id":"https:\/\/sleepwellbed.com\/lv\/product\/daggkapa-slanis-virsmatracim\/#primaryimage"},"image":{"@id":"https:\/\/sleepwellbed.com\/lv\/product\/daggkapa-slanis-virsmatracim\/#primaryimage"},"thumbnailUrl":"https:\/\/sleepwellbed.com\/wp-content\/uploads\/2025\/11\/IMG_8456daggkapa-\u2013-toodeldud.png","datePublished":"2023-01-24T04:20:05+00:00","dateModified":"2026-04-17T01:51:47+00:00","breadcrumb":{"@id":"https:\/\/sleepwellbed.com\/lv\/product\/daggkapa-slanis-virsmatracim\/#breadcrumb"},"inLanguage":"lv-LV","potentialAction":[{"@type":"ReadAction","target":["https:\/\/sleepwellbed.com\/lv\/product\/daggkapa-slanis-virsmatracim\/"]}]},{"@type":"ImageObject","inLanguage":"lv-LV","@id":"https:\/\/sleepwellbed.com\/lv\/product\/daggkapa-slanis-virsmatracim\/#primaryimage","url":"https:\/\/sleepwellbed.com\/wp-content\/uploads\/2025\/11\/IMG_8456daggkapa-\u2013-toodeldud.png","contentUrl":"https:\/\/sleepwellbed.com\/wp-content\/uploads\/2025\/11\/IMG_8456daggkapa-\u2013-toodeldud.png","width":1600,"height":643},{"@type":"BreadcrumbList","@id":"https:\/\/sleepwellbed.com\/lv\/product\/daggkapa-slanis-virsmatracim\/#breadcrumb","itemListElement":[{"@type":"ListItem","position":1,"name":"Home","item":"https:\/\/sleepwellbed.com\/lv\/"},{"@type":"ListItem","position":2,"name":"Preces","item":"https:\/\/sleepwellbed.com\/lv\/preces\/"},{"@type":"ListItem","position":3,"name":"DAGGKA\u030aPA SL\u0100NIS VIRSMATRACIM"}]},{"@type":"WebSite","@id":"https:\/\/sleepwellbed.com\/#website","url":"https:\/\/sleepwellbed.com\/","name":"Sleepwell","description":"","potentialAction":[{"@type":"SearchAction","target":{"@type":"EntryPoint","urlTemplate":"https:\/\/sleepwellbed.com\/?s={search_term_string}"},"query-input":{"@type":"PropertyValueSpecification","valueRequired":true,"valueName":"search_term_string"}}],"inLanguage":"lv-LV"}]}},"_links":{"self":[{"href":"https:\/\/sleepwellbed.com\/lv\/wp-json\/wp\/v2\/product\/198141","targetHints":{"allow":["GET"]}}],"collection":[{"href":"https:\/\/sleepwellbed.com\/lv\/wp-json\/wp\/v2\/product"}],"about":[{"href":"https:\/\/sleepwellbed.com\/lv\/wp-json\/wp\/v2\/types\/product"}],"wp:featuredmedia":[{"embeddable":true,"href":"https:\/\/sleepwellbed.com\/lv\/wp-json\/wp\/v2\/media\/564266"}],"wp:attachment":[{"href":"https:\/\/sleepwellbed.com\/lv\/wp-json\/wp\/v2\/media?parent=198141"}],"wp:term":[{"taxonomy":"product_brand","embeddable":true,"href":"https:\/\/sleepwellbed.com\/lv\/wp-json\/wp\/v2\/product_brand?post=198141"},{"taxonomy":"product_cat","embeddable":true,"href":"https:\/\/sleepwellbed.com\/lv\/wp-json\/wp\/v2\/product_cat?post=198141"},{"taxonomy":"product_tag","embeddable":true,"href":"https:\/\/sleepwellbed.com\/lv\/wp-json\/wp\/v2\/product_tag?post=198141"}],"curies":[{"name":"wp","href":"https:\/\/api.w.org\/{rel}","templated":true}]}}