{"id":198253,"date":"2023-01-24T06:30:05","date_gmt":"2023-01-24T04:30:05","guid":{"rendered":"https:\/\/sleepwellbed.com\/product\/hilding-salsa-vedrudeta-madrats\/"},"modified":"2026-04-14T04:52:16","modified_gmt":"2026-04-14T01:52:16","slug":"hilding-salsa-matracis","status":"publish","type":"product","link":"https:\/\/sleepwellbed.com\/lv\/product\/hilding-salsa-matracis\/","title":{"rendered":"HILDING SALSA MATRACIS"},"content":{"rendered":"<div><strong>7-zonu vienpus\u0113js matracis.<\/strong><br \/>Matra\u010da apak\u0161\u0113jais sl\u0101nis ir no profil\u0113ta, elast\u012bga Flexifoam porolona. Profil\u0101cija veido 7 zonas, kas matrac\u012b nodro\u0161ina labu gaisa cirkul\u0101ciju. Aug\u0161\u0113jais sl\u0101nis ir no viskoelast\u0101na porolona, kas \u0137erme\u0146a temperat\u016bras iedarb\u012bb\u0101 ie\u0146em \u0137ermenim atbalsto\u0161u formu.<\/p>\n<p>Flexifoam porolons \u2013 augstums 14 cm. Viskoelast\u0101na porolons \u2013 augstums 4,6 cm<br \/>Matracis ir pieejams ar Velvet un Tencel p\u0101rvalkiem.<br \/><strong>Matra\u010da s\u0101nos eso\u0161\u0101 3-D auduma josla nodro\u0161ina lab\u0101ku ventil\u0101ciju.<\/strong><br \/>S\u0101nos ir rokturi, lai matraci b\u016btu \u0113rt\u0101k pacelt.<\/p>\n<p><strong>Matra\u010da p\u0101rkl\u0101ju var no\u0146emt un mazg\u0101t l\u012bdz 60 gr\u0101du temperat\u016br\u0101.<\/strong><br \/>Vid\u0113ji ciets.<br \/>Lai matraci b\u016btu \u0113rt\u0101k transport\u0113t, tas ir sarull\u0113ts.<br \/>Pieejamie platumi: 80, 90, 100, 120, 140, 160, 180 cm.<\/div>\n","protected":false},"excerpt":{"rendered":"<div>7-zonu vienpus\u0113js matracis.<\/p>\n<p>Vid\u0113ji ciets.<\/p>\n<p>Matra\u010da p\u0101rkl\u0101ju var no\u0146emt un mazg\u0101t l\u012bdz 60 gr\u0101du temperat\u016br\u0101.<\/p><\/div>\n","protected":false},"featured_media":564268,"template":"","meta":{"_acf_changed":false},"product_brand":[],"product_cat":[697],"product_tag":[698],"class_list":{"0":"post-198253","1":"product","2":"type-product","3":"status-publish","4":"has-post-thumbnail","6":"product_cat-putu-matracis","7":"product_tag-hilding-lv","8":"description-off","10":"first","11":"outofstock","12":"sale","13":"taxable","14":"shipping-taxable","15":"purchasable","16":"product-type-variable"},"acf":[],"yoast_head":"<!-- This site is optimized with the Yoast SEO plugin v27.0 - https:\/\/yoast.com\/product\/yoast-seo-wordpress\/ -->\n<title>HILDING SALSA MATRACIS - Sleepwell<\/title>\n<meta name=\"robots\" content=\"index, follow, max-snippet:-1, max-image-preview:large, max-video-preview:-1\" \/>\n<link rel=\"canonical\" href=\"https:\/\/sleepwellbed.com\/lv\/product\/hilding-salsa-matracis\/\" \/>\n<meta property=\"og:locale\" content=\"lv_LV\" \/>\n<meta property=\"og:type\" content=\"article\" \/>\n<meta property=\"og:title\" content=\"HILDING SALSA MATRACIS - Sleepwell\" \/>\n<meta property=\"og:description\" content=\"7-zonu vienpus\u0113js matracis.Vid\u0113ji ciets.Matra\u010da p\u0101rkl\u0101ju var no\u0146emt un mazg\u0101t l\u012bdz 60 gr\u0101du temperat\u016br\u0101.\" \/>\n<meta property=\"og:url\" content=\"https:\/\/sleepwellbed.com\/lv\/product\/hilding-salsa-matracis\/\" \/>\n<meta property=\"og:site_name\" content=\"Sleepwell\" \/>\n<meta property=\"article:modified_time\" content=\"2026-04-14T01:52:16+00:00\" \/>\n<meta property=\"og:image\" content=\"https:\/\/sleepwellbed.com\/wp-content\/uploads\/2025\/11\/salsa_wyciety-kopia.png\" \/>\n\t<meta property=\"og:image:width\" content=\"1600\" \/>\n\t<meta property=\"og:image:height\" content=\"777\" \/>\n\t<meta property=\"og:image:type\" content=\"image\/png\" \/>\n<meta name=\"twitter:card\" content=\"summary_large_image\" \/>\n<meta name=\"twitter:label1\" content=\"Est. reading time\" \/>\n\t<meta name=\"twitter:data1\" content=\"1 minute\" \/>\n<script type=\"application\/ld+json\" class=\"yoast-schema-graph\">{\"@context\":\"https:\/\/schema.org\",\"@graph\":[{\"@type\":\"WebPage\",\"@id\":\"https:\/\/sleepwellbed.com\/lv\/product\/hilding-salsa-matracis\/\",\"url\":\"https:\/\/sleepwellbed.com\/lv\/product\/hilding-salsa-matracis\/\",\"name\":\"HILDING SALSA MATRACIS - Sleepwell\",\"isPartOf\":{\"@id\":\"https:\/\/sleepwellbed.com\/#website\"},\"primaryImageOfPage\":{\"@id\":\"https:\/\/sleepwellbed.com\/lv\/product\/hilding-salsa-matracis\/#primaryimage\"},\"image\":{\"@id\":\"https:\/\/sleepwellbed.com\/lv\/product\/hilding-salsa-matracis\/#primaryimage\"},\"thumbnailUrl\":\"https:\/\/sleepwellbed.com\/wp-content\/uploads\/2025\/11\/salsa_wyciety-kopia.png\",\"datePublished\":\"2023-01-24T04:30:05+00:00\",\"dateModified\":\"2026-04-14T01:52:16+00:00\",\"breadcrumb\":{\"@id\":\"https:\/\/sleepwellbed.com\/lv\/product\/hilding-salsa-matracis\/#breadcrumb\"},\"inLanguage\":\"lv-LV\",\"potentialAction\":[{\"@type\":\"ReadAction\",\"target\":[\"https:\/\/sleepwellbed.com\/lv\/product\/hilding-salsa-matracis\/\"]}]},{\"@type\":\"ImageObject\",\"inLanguage\":\"lv-LV\",\"@id\":\"https:\/\/sleepwellbed.com\/lv\/product\/hilding-salsa-matracis\/#primaryimage\",\"url\":\"https:\/\/sleepwellbed.com\/wp-content\/uploads\/2025\/11\/salsa_wyciety-kopia.png\",\"contentUrl\":\"https:\/\/sleepwellbed.com\/wp-content\/uploads\/2025\/11\/salsa_wyciety-kopia.png\",\"width\":1600,\"height\":777},{\"@type\":\"BreadcrumbList\",\"@id\":\"https:\/\/sleepwellbed.com\/lv\/product\/hilding-salsa-matracis\/#breadcrumb\",\"itemListElement\":[{\"@type\":\"ListItem\",\"position\":1,\"name\":\"Home\",\"item\":\"https:\/\/sleepwellbed.com\/lv\/\"},{\"@type\":\"ListItem\",\"position\":2,\"name\":\"Preces\",\"item\":\"https:\/\/sleepwellbed.com\/lv\/preces\/\"},{\"@type\":\"ListItem\",\"position\":3,\"name\":\"HILDING SALSA MATRACIS\"}]},{\"@type\":\"WebSite\",\"@id\":\"https:\/\/sleepwellbed.com\/#website\",\"url\":\"https:\/\/sleepwellbed.com\/\",\"name\":\"Sleepwell\",\"description\":\"\",\"potentialAction\":[{\"@type\":\"SearchAction\",\"target\":{\"@type\":\"EntryPoint\",\"urlTemplate\":\"https:\/\/sleepwellbed.com\/?s={search_term_string}\"},\"query-input\":{\"@type\":\"PropertyValueSpecification\",\"valueRequired\":true,\"valueName\":\"search_term_string\"}}],\"inLanguage\":\"lv-LV\"}]}<\/script>\n<!-- \/ Yoast SEO plugin. -->","yoast_head_json":{"title":"HILDING SALSA MATRACIS - Sleepwell","robots":{"index":"index","follow":"follow","max-snippet":"max-snippet:-1","max-image-preview":"max-image-preview:large","max-video-preview":"max-video-preview:-1"},"canonical":"https:\/\/sleepwellbed.com\/lv\/product\/hilding-salsa-matracis\/","og_locale":"lv_LV","og_type":"article","og_title":"HILDING SALSA MATRACIS - Sleepwell","og_description":"7-zonu vienpus\u0113js matracis.Vid\u0113ji ciets.Matra\u010da p\u0101rkl\u0101ju var no\u0146emt un mazg\u0101t l\u012bdz 60 gr\u0101du temperat\u016br\u0101.","og_url":"https:\/\/sleepwellbed.com\/lv\/product\/hilding-salsa-matracis\/","og_site_name":"Sleepwell","article_modified_time":"2026-04-14T01:52:16+00:00","og_image":[{"width":1600,"height":777,"url":"https:\/\/sleepwellbed.com\/wp-content\/uploads\/2025\/11\/salsa_wyciety-kopia.png","type":"image\/png"}],"twitter_card":"summary_large_image","twitter_misc":{"Est. reading time":"1 minute"},"schema":{"@context":"https:\/\/schema.org","@graph":[{"@type":"WebPage","@id":"https:\/\/sleepwellbed.com\/lv\/product\/hilding-salsa-matracis\/","url":"https:\/\/sleepwellbed.com\/lv\/product\/hilding-salsa-matracis\/","name":"HILDING SALSA MATRACIS - Sleepwell","isPartOf":{"@id":"https:\/\/sleepwellbed.com\/#website"},"primaryImageOfPage":{"@id":"https:\/\/sleepwellbed.com\/lv\/product\/hilding-salsa-matracis\/#primaryimage"},"image":{"@id":"https:\/\/sleepwellbed.com\/lv\/product\/hilding-salsa-matracis\/#primaryimage"},"thumbnailUrl":"https:\/\/sleepwellbed.com\/wp-content\/uploads\/2025\/11\/salsa_wyciety-kopia.png","datePublished":"2023-01-24T04:30:05+00:00","dateModified":"2026-04-14T01:52:16+00:00","breadcrumb":{"@id":"https:\/\/sleepwellbed.com\/lv\/product\/hilding-salsa-matracis\/#breadcrumb"},"inLanguage":"lv-LV","potentialAction":[{"@type":"ReadAction","target":["https:\/\/sleepwellbed.com\/lv\/product\/hilding-salsa-matracis\/"]}]},{"@type":"ImageObject","inLanguage":"lv-LV","@id":"https:\/\/sleepwellbed.com\/lv\/product\/hilding-salsa-matracis\/#primaryimage","url":"https:\/\/sleepwellbed.com\/wp-content\/uploads\/2025\/11\/salsa_wyciety-kopia.png","contentUrl":"https:\/\/sleepwellbed.com\/wp-content\/uploads\/2025\/11\/salsa_wyciety-kopia.png","width":1600,"height":777},{"@type":"BreadcrumbList","@id":"https:\/\/sleepwellbed.com\/lv\/product\/hilding-salsa-matracis\/#breadcrumb","itemListElement":[{"@type":"ListItem","position":1,"name":"Home","item":"https:\/\/sleepwellbed.com\/lv\/"},{"@type":"ListItem","position":2,"name":"Preces","item":"https:\/\/sleepwellbed.com\/lv\/preces\/"},{"@type":"ListItem","position":3,"name":"HILDING SALSA MATRACIS"}]},{"@type":"WebSite","@id":"https:\/\/sleepwellbed.com\/#website","url":"https:\/\/sleepwellbed.com\/","name":"Sleepwell","description":"","potentialAction":[{"@type":"SearchAction","target":{"@type":"EntryPoint","urlTemplate":"https:\/\/sleepwellbed.com\/?s={search_term_string}"},"query-input":{"@type":"PropertyValueSpecification","valueRequired":true,"valueName":"search_term_string"}}],"inLanguage":"lv-LV"}]}},"_links":{"self":[{"href":"https:\/\/sleepwellbed.com\/lv\/wp-json\/wp\/v2\/product\/198253","targetHints":{"allow":["GET"]}}],"collection":[{"href":"https:\/\/sleepwellbed.com\/lv\/wp-json\/wp\/v2\/product"}],"about":[{"href":"https:\/\/sleepwellbed.com\/lv\/wp-json\/wp\/v2\/types\/product"}],"wp:featuredmedia":[{"embeddable":true,"href":"https:\/\/sleepwellbed.com\/lv\/wp-json\/wp\/v2\/media\/564268"}],"wp:attachment":[{"href":"https:\/\/sleepwellbed.com\/lv\/wp-json\/wp\/v2\/media?parent=198253"}],"wp:term":[{"taxonomy":"product_brand","embeddable":true,"href":"https:\/\/sleepwellbed.com\/lv\/wp-json\/wp\/v2\/product_brand?post=198253"},{"taxonomy":"product_cat","embeddable":true,"href":"https:\/\/sleepwellbed.com\/lv\/wp-json\/wp\/v2\/product_cat?post=198253"},{"taxonomy":"product_tag","embeddable":true,"href":"https:\/\/sleepwellbed.com\/lv\/wp-json\/wp\/v2\/product_tag?post=198253"}],"curies":[{"name":"wp","href":"https:\/\/api.w.org\/{rel}","templated":true}]}}