{"id":198665,"date":"2023-01-24T07:30:05","date_gmt":"2023-01-24T05:30:05","guid":{"rendered":"https:\/\/sleepwellbed.com\/product\/hilding-foxtrot-hybrid-vedrudeta-madrats\/"},"modified":"2026-04-17T04:51:57","modified_gmt":"2026-04-17T01:51:57","slug":"hilding-foxtrot-hybrid-matracis","status":"publish","type":"product","link":"https:\/\/sleepwellbed.com\/lv\/product\/hilding-foxtrot-hybrid-matracis\/","title":{"rendered":"HILDING FOXTROT HYBRID MATRACIS"},"content":{"rendered":"<div><strong>7 ciet\u012bbas zonu divpus\u0113js bezatsperu matracis.<\/strong><br \/>Termoelast\u012bgs porolons, kura porain\u0101 strukt\u016bra ir daudzveid\u012bg\u0101ka k\u0101 parastajam porolonam, t\u0101d\u0113\u013c tam ir lab\u0101kas \u012bpa\u0161\u012bbas saist\u012bb\u0101 ar \u0137erme\u0146a atbalst\u012b\u0161anu, komfortu, elast\u012bbu un lokan\u012bbu.<\/p>\n<p>Atkl\u0101t\u0101 porolona strukt\u016bra nodro\u0161ina teicamu ventil\u0101ciju.<br \/>Augsta iztur\u012bba pret deform\u0101ciju, t\u0101p\u0113c ir lieliski piem\u0113rots cilv\u0113kiem, kas sver vair\u0101k k\u0101 80 kg vai, kuriem pat\u012bk gul\u0113t uz ciet\u0101ka matra\u010da.<br \/>Matracis ir pieejams ar<strong> Italiano un Hybrid p\u0101rsegiem.<\/strong><br \/>Matra\u010da kodols ir izgatavots no \u013coti elast\u012bgas HR putas ar bl\u012bvumu 40kg uz kvadr\u0101tmetru.<\/p>\n<p>Matra\u010da iedob\u012btes nodro\u0161ina pareizu gaisa cirkul\u0101ciju un izcilu matra\u010da ventil\u0101ciju.<br \/>Matracim ir r\u0101v\u0113jsl\u0113dz\u0113js.P\u0101rvalka mal\u0101s ir rokturi, kas atvieglo matra\u010da transport\u0113\u0161anu un apgrie\u0161anu.<\/p>\n<p>7 izm\u0113ri: 80, 90, 100, 120, 140, 160, 180 x 200 cm.<\/p><\/div>\n","protected":false},"excerpt":{"rendered":"<div>7 ciet\u012bbas zonu divpus\u0113js bezatsperu matracis.<\/p>\n<p>Ciets.<\/p>\n<p>Matra\u010da kodols ir izgatavots no \u013coti elast\u012bgas HR putas.<\/p><\/div>\n","protected":false},"featured_media":564293,"template":"","meta":{"_acf_changed":false},"product_brand":[],"product_cat":[697],"product_tag":[698],"class_list":{"0":"post-198665","1":"product","2":"type-product","3":"status-publish","4":"has-post-thumbnail","6":"product_cat-putu-matracis","7":"product_tag-hilding-lv","8":"description-off","10":"first","11":"outofstock","12":"sale","13":"taxable","14":"shipping-taxable","15":"purchasable","16":"product-type-variable"},"acf":[],"yoast_head":"<!-- This site is optimized with the Yoast SEO plugin v27.0 - https:\/\/yoast.com\/product\/yoast-seo-wordpress\/ -->\n<title>HILDING FOXTROT HYBRID MATRACIS - Sleepwell<\/title>\n<meta name=\"robots\" content=\"index, follow, max-snippet:-1, max-image-preview:large, max-video-preview:-1\" \/>\n<link rel=\"canonical\" href=\"https:\/\/sleepwellbed.com\/lv\/product\/hilding-foxtrot-hybrid-matracis\/\" \/>\n<meta property=\"og:locale\" content=\"lv_LV\" \/>\n<meta property=\"og:type\" content=\"article\" \/>\n<meta property=\"og:title\" content=\"HILDING FOXTROT HYBRID MATRACIS - Sleepwell\" \/>\n<meta property=\"og:description\" content=\"7 ciet\u012bbas zonu divpus\u0113js bezatsperu matracis.Ciets.Matra\u010da kodols ir izgatavots no \u013coti elast\u012bgas HR putas.\" \/>\n<meta property=\"og:url\" content=\"https:\/\/sleepwellbed.com\/lv\/product\/hilding-foxtrot-hybrid-matracis\/\" \/>\n<meta property=\"og:site_name\" content=\"Sleepwell\" \/>\n<meta property=\"article:modified_time\" content=\"2026-04-17T01:51:57+00:00\" \/>\n<meta property=\"og:image\" content=\"https:\/\/sleepwellbed.com\/wp-content\/uploads\/2025\/11\/foxtrot_wyciety-kopia.png\" \/>\n\t<meta property=\"og:image:width\" content=\"1600\" \/>\n\t<meta property=\"og:image:height\" content=\"913\" \/>\n\t<meta property=\"og:image:type\" content=\"image\/png\" \/>\n<meta name=\"twitter:card\" content=\"summary_large_image\" \/>\n<meta name=\"twitter:label1\" content=\"Est. reading time\" \/>\n\t<meta name=\"twitter:data1\" content=\"1 minute\" \/>\n<script type=\"application\/ld+json\" class=\"yoast-schema-graph\">{\"@context\":\"https:\/\/schema.org\",\"@graph\":[{\"@type\":\"WebPage\",\"@id\":\"https:\/\/sleepwellbed.com\/lv\/product\/hilding-foxtrot-hybrid-matracis\/\",\"url\":\"https:\/\/sleepwellbed.com\/lv\/product\/hilding-foxtrot-hybrid-matracis\/\",\"name\":\"HILDING FOXTROT HYBRID MATRACIS - Sleepwell\",\"isPartOf\":{\"@id\":\"https:\/\/sleepwellbed.com\/#website\"},\"primaryImageOfPage\":{\"@id\":\"https:\/\/sleepwellbed.com\/lv\/product\/hilding-foxtrot-hybrid-matracis\/#primaryimage\"},\"image\":{\"@id\":\"https:\/\/sleepwellbed.com\/lv\/product\/hilding-foxtrot-hybrid-matracis\/#primaryimage\"},\"thumbnailUrl\":\"https:\/\/sleepwellbed.com\/wp-content\/uploads\/2025\/11\/foxtrot_wyciety-kopia.png\",\"datePublished\":\"2023-01-24T05:30:05+00:00\",\"dateModified\":\"2026-04-17T01:51:57+00:00\",\"breadcrumb\":{\"@id\":\"https:\/\/sleepwellbed.com\/lv\/product\/hilding-foxtrot-hybrid-matracis\/#breadcrumb\"},\"inLanguage\":\"lv-LV\",\"potentialAction\":[{\"@type\":\"ReadAction\",\"target\":[\"https:\/\/sleepwellbed.com\/lv\/product\/hilding-foxtrot-hybrid-matracis\/\"]}]},{\"@type\":\"ImageObject\",\"inLanguage\":\"lv-LV\",\"@id\":\"https:\/\/sleepwellbed.com\/lv\/product\/hilding-foxtrot-hybrid-matracis\/#primaryimage\",\"url\":\"https:\/\/sleepwellbed.com\/wp-content\/uploads\/2025\/11\/foxtrot_wyciety-kopia.png\",\"contentUrl\":\"https:\/\/sleepwellbed.com\/wp-content\/uploads\/2025\/11\/foxtrot_wyciety-kopia.png\",\"width\":1600,\"height\":913},{\"@type\":\"BreadcrumbList\",\"@id\":\"https:\/\/sleepwellbed.com\/lv\/product\/hilding-foxtrot-hybrid-matracis\/#breadcrumb\",\"itemListElement\":[{\"@type\":\"ListItem\",\"position\":1,\"name\":\"Home\",\"item\":\"https:\/\/sleepwellbed.com\/lv\/\"},{\"@type\":\"ListItem\",\"position\":2,\"name\":\"Preces\",\"item\":\"https:\/\/sleepwellbed.com\/lv\/preces\/\"},{\"@type\":\"ListItem\",\"position\":3,\"name\":\"HILDING FOXTROT HYBRID MATRACIS\"}]},{\"@type\":\"WebSite\",\"@id\":\"https:\/\/sleepwellbed.com\/#website\",\"url\":\"https:\/\/sleepwellbed.com\/\",\"name\":\"Sleepwell\",\"description\":\"\",\"potentialAction\":[{\"@type\":\"SearchAction\",\"target\":{\"@type\":\"EntryPoint\",\"urlTemplate\":\"https:\/\/sleepwellbed.com\/?s={search_term_string}\"},\"query-input\":{\"@type\":\"PropertyValueSpecification\",\"valueRequired\":true,\"valueName\":\"search_term_string\"}}],\"inLanguage\":\"lv-LV\"}]}<\/script>\n<!-- \/ Yoast SEO plugin. -->","yoast_head_json":{"title":"HILDING FOXTROT HYBRID MATRACIS - Sleepwell","robots":{"index":"index","follow":"follow","max-snippet":"max-snippet:-1","max-image-preview":"max-image-preview:large","max-video-preview":"max-video-preview:-1"},"canonical":"https:\/\/sleepwellbed.com\/lv\/product\/hilding-foxtrot-hybrid-matracis\/","og_locale":"lv_LV","og_type":"article","og_title":"HILDING FOXTROT HYBRID MATRACIS - Sleepwell","og_description":"7 ciet\u012bbas zonu divpus\u0113js bezatsperu matracis.Ciets.Matra\u010da kodols ir izgatavots no \u013coti elast\u012bgas HR putas.","og_url":"https:\/\/sleepwellbed.com\/lv\/product\/hilding-foxtrot-hybrid-matracis\/","og_site_name":"Sleepwell","article_modified_time":"2026-04-17T01:51:57+00:00","og_image":[{"width":1600,"height":913,"url":"https:\/\/sleepwellbed.com\/wp-content\/uploads\/2025\/11\/foxtrot_wyciety-kopia.png","type":"image\/png"}],"twitter_card":"summary_large_image","twitter_misc":{"Est. reading time":"1 minute"},"schema":{"@context":"https:\/\/schema.org","@graph":[{"@type":"WebPage","@id":"https:\/\/sleepwellbed.com\/lv\/product\/hilding-foxtrot-hybrid-matracis\/","url":"https:\/\/sleepwellbed.com\/lv\/product\/hilding-foxtrot-hybrid-matracis\/","name":"HILDING FOXTROT HYBRID MATRACIS - Sleepwell","isPartOf":{"@id":"https:\/\/sleepwellbed.com\/#website"},"primaryImageOfPage":{"@id":"https:\/\/sleepwellbed.com\/lv\/product\/hilding-foxtrot-hybrid-matracis\/#primaryimage"},"image":{"@id":"https:\/\/sleepwellbed.com\/lv\/product\/hilding-foxtrot-hybrid-matracis\/#primaryimage"},"thumbnailUrl":"https:\/\/sleepwellbed.com\/wp-content\/uploads\/2025\/11\/foxtrot_wyciety-kopia.png","datePublished":"2023-01-24T05:30:05+00:00","dateModified":"2026-04-17T01:51:57+00:00","breadcrumb":{"@id":"https:\/\/sleepwellbed.com\/lv\/product\/hilding-foxtrot-hybrid-matracis\/#breadcrumb"},"inLanguage":"lv-LV","potentialAction":[{"@type":"ReadAction","target":["https:\/\/sleepwellbed.com\/lv\/product\/hilding-foxtrot-hybrid-matracis\/"]}]},{"@type":"ImageObject","inLanguage":"lv-LV","@id":"https:\/\/sleepwellbed.com\/lv\/product\/hilding-foxtrot-hybrid-matracis\/#primaryimage","url":"https:\/\/sleepwellbed.com\/wp-content\/uploads\/2025\/11\/foxtrot_wyciety-kopia.png","contentUrl":"https:\/\/sleepwellbed.com\/wp-content\/uploads\/2025\/11\/foxtrot_wyciety-kopia.png","width":1600,"height":913},{"@type":"BreadcrumbList","@id":"https:\/\/sleepwellbed.com\/lv\/product\/hilding-foxtrot-hybrid-matracis\/#breadcrumb","itemListElement":[{"@type":"ListItem","position":1,"name":"Home","item":"https:\/\/sleepwellbed.com\/lv\/"},{"@type":"ListItem","position":2,"name":"Preces","item":"https:\/\/sleepwellbed.com\/lv\/preces\/"},{"@type":"ListItem","position":3,"name":"HILDING FOXTROT HYBRID MATRACIS"}]},{"@type":"WebSite","@id":"https:\/\/sleepwellbed.com\/#website","url":"https:\/\/sleepwellbed.com\/","name":"Sleepwell","description":"","potentialAction":[{"@type":"SearchAction","target":{"@type":"EntryPoint","urlTemplate":"https:\/\/sleepwellbed.com\/?s={search_term_string}"},"query-input":{"@type":"PropertyValueSpecification","valueRequired":true,"valueName":"search_term_string"}}],"inLanguage":"lv-LV"}]}},"_links":{"self":[{"href":"https:\/\/sleepwellbed.com\/lv\/wp-json\/wp\/v2\/product\/198665","targetHints":{"allow":["GET"]}}],"collection":[{"href":"https:\/\/sleepwellbed.com\/lv\/wp-json\/wp\/v2\/product"}],"about":[{"href":"https:\/\/sleepwellbed.com\/lv\/wp-json\/wp\/v2\/types\/product"}],"wp:featuredmedia":[{"embeddable":true,"href":"https:\/\/sleepwellbed.com\/lv\/wp-json\/wp\/v2\/media\/564293"}],"wp:attachment":[{"href":"https:\/\/sleepwellbed.com\/lv\/wp-json\/wp\/v2\/media?parent=198665"}],"wp:term":[{"taxonomy":"product_brand","embeddable":true,"href":"https:\/\/sleepwellbed.com\/lv\/wp-json\/wp\/v2\/product_brand?post=198665"},{"taxonomy":"product_cat","embeddable":true,"href":"https:\/\/sleepwellbed.com\/lv\/wp-json\/wp\/v2\/product_cat?post=198665"},{"taxonomy":"product_tag","embeddable":true,"href":"https:\/\/sleepwellbed.com\/lv\/wp-json\/wp\/v2\/product_tag?post=198665"}],"curies":[{"name":"wp","href":"https:\/\/api.w.org\/{rel}","templated":true}]}}