{"id":199009,"date":"2023-01-24T08:50:05","date_gmt":"2023-01-24T06:50:05","guid":{"rendered":"https:\/\/sleepwellbed.com\/product\/hilding-kolysanka-vedrudeta-beebimadrats\/"},"modified":"2026-04-17T04:52:07","modified_gmt":"2026-04-17T01:52:07","slug":"hilding-kolysanka-lotus-bernu-matracis","status":"publish","type":"product","link":"https:\/\/sleepwellbed.com\/lv\/product\/hilding-kolysanka-lotus-bernu-matracis\/","title":{"rendered":"HILDING KOLYSANKA LOTUS B\u0112RNU MATRACIS"},"content":{"rendered":"<p>Matra\u010da vienu pusi veido dabisks kokosa \u0161\u0137iedru sl\u0101nis, kas padara matra\u010da virsmu stingr\u0101ku.<br \/>Matra\u010da otr\u0101 pus\u0113 ir pl\u0101ns 9,6 cm augsts Flexifoam porolons.<br \/>Iesp\u0113jams izv\u0113l\u0113ties da\u017e\u0101da cietuma puses.<\/p>\n<p>Matra\u010da apvalkam ir mitrumiztur\u012bga un pretaler\u0123iska Lotus proced\u016bra bez optiskiem balin\u0101t\u0101jiem, kas neuz\u0146em traipus un ir viegli t\u012br\u0101ma.<br \/><strong>Matra\u010da p\u0101rkl\u0101ju var no\u0146emt un mazg\u0101t l\u012bdz 40 gr\u0101du temperat\u016br\u0101.<\/strong><br \/>Pieejamie izm\u0113ri: 60\u00d7120; 70\u00d7140 cm.<\/p>\n","protected":false},"excerpt":{"rendered":"<p>Divpus\u0113js b\u0113rnu matracis.<\/p>\n<p>Matra\u010da p\u0101rvalks ir ticis apstr\u0101d\u0101ts ar antialer\u0123isku iedarb\u012bbu.<\/p>\n<p>Matra\u010da apvalku var no\u0146emt un mazg\u0101t temperat\u016br\u0101 l\u012bdz 40 gr\u0101diem.<\/p>\n","protected":false},"featured_media":564324,"template":"","meta":{"_acf_changed":false},"product_brand":[],"product_cat":[697],"product_tag":[698],"class_list":{"0":"post-199009","1":"product","2":"type-product","3":"status-publish","4":"has-post-thumbnail","6":"product_cat-putu-matracis","7":"product_tag-hilding-lv","8":"description-off","10":"first","11":"outofstock","12":"sale","13":"taxable","14":"shipping-taxable","15":"purchasable","16":"product-type-variable"},"acf":[],"yoast_head":"<!-- This site is optimized with the Yoast SEO plugin v27.0 - https:\/\/yoast.com\/product\/yoast-seo-wordpress\/ -->\n<title>HILDING KOLYSANKA LOTUS B\u0112RNU MATRACIS - Sleepwell<\/title>\n<meta name=\"robots\" content=\"index, follow, max-snippet:-1, max-image-preview:large, max-video-preview:-1\" \/>\n<link rel=\"canonical\" href=\"https:\/\/sleepwellbed.com\/lv\/product\/hilding-kolysanka-lotus-bernu-matracis\/\" \/>\n<meta property=\"og:locale\" content=\"lv_LV\" \/>\n<meta property=\"og:type\" content=\"article\" \/>\n<meta property=\"og:title\" content=\"HILDING KOLYSANKA LOTUS B\u0112RNU MATRACIS - Sleepwell\" \/>\n<meta property=\"og:description\" content=\"Divpus\u0113js b\u0113rnu matracis.Matra\u010da p\u0101rvalks ir ticis apstr\u0101d\u0101ts ar antialer\u0123isku iedarb\u012bbu.Matra\u010da apvalku var no\u0146emt un mazg\u0101t temperat\u016br\u0101 l\u012bdz 40 gr\u0101diem.\" \/>\n<meta property=\"og:url\" content=\"https:\/\/sleepwellbed.com\/lv\/product\/hilding-kolysanka-lotus-bernu-matracis\/\" \/>\n<meta property=\"og:site_name\" content=\"Sleepwell\" \/>\n<meta property=\"article:modified_time\" content=\"2026-04-17T01:52:07+00:00\" \/>\n<meta property=\"og:image\" content=\"https:\/\/sleepwellbed.com\/wp-content\/uploads\/2025\/11\/kolysanka_wyciety-kopia.png\" \/>\n\t<meta property=\"og:image:width\" content=\"1600\" \/>\n\t<meta property=\"og:image:height\" content=\"913\" \/>\n\t<meta property=\"og:image:type\" content=\"image\/png\" \/>\n<meta name=\"twitter:card\" content=\"summary_large_image\" \/>\n<meta name=\"twitter:label1\" content=\"Est. reading time\" \/>\n\t<meta name=\"twitter:data1\" content=\"1 minute\" \/>\n<script type=\"application\/ld+json\" class=\"yoast-schema-graph\">{\"@context\":\"https:\/\/schema.org\",\"@graph\":[{\"@type\":\"WebPage\",\"@id\":\"https:\/\/sleepwellbed.com\/lv\/product\/hilding-kolysanka-lotus-bernu-matracis\/\",\"url\":\"https:\/\/sleepwellbed.com\/lv\/product\/hilding-kolysanka-lotus-bernu-matracis\/\",\"name\":\"HILDING KOLYSANKA LOTUS B\u0112RNU MATRACIS - Sleepwell\",\"isPartOf\":{\"@id\":\"https:\/\/sleepwellbed.com\/#website\"},\"primaryImageOfPage\":{\"@id\":\"https:\/\/sleepwellbed.com\/lv\/product\/hilding-kolysanka-lotus-bernu-matracis\/#primaryimage\"},\"image\":{\"@id\":\"https:\/\/sleepwellbed.com\/lv\/product\/hilding-kolysanka-lotus-bernu-matracis\/#primaryimage\"},\"thumbnailUrl\":\"https:\/\/sleepwellbed.com\/wp-content\/uploads\/2025\/11\/kolysanka_wyciety-kopia.png\",\"datePublished\":\"2023-01-24T06:50:05+00:00\",\"dateModified\":\"2026-04-17T01:52:07+00:00\",\"breadcrumb\":{\"@id\":\"https:\/\/sleepwellbed.com\/lv\/product\/hilding-kolysanka-lotus-bernu-matracis\/#breadcrumb\"},\"inLanguage\":\"lv-LV\",\"potentialAction\":[{\"@type\":\"ReadAction\",\"target\":[\"https:\/\/sleepwellbed.com\/lv\/product\/hilding-kolysanka-lotus-bernu-matracis\/\"]}]},{\"@type\":\"ImageObject\",\"inLanguage\":\"lv-LV\",\"@id\":\"https:\/\/sleepwellbed.com\/lv\/product\/hilding-kolysanka-lotus-bernu-matracis\/#primaryimage\",\"url\":\"https:\/\/sleepwellbed.com\/wp-content\/uploads\/2025\/11\/kolysanka_wyciety-kopia.png\",\"contentUrl\":\"https:\/\/sleepwellbed.com\/wp-content\/uploads\/2025\/11\/kolysanka_wyciety-kopia.png\",\"width\":1600,\"height\":913},{\"@type\":\"BreadcrumbList\",\"@id\":\"https:\/\/sleepwellbed.com\/lv\/product\/hilding-kolysanka-lotus-bernu-matracis\/#breadcrumb\",\"itemListElement\":[{\"@type\":\"ListItem\",\"position\":1,\"name\":\"Home\",\"item\":\"https:\/\/sleepwellbed.com\/lv\/\"},{\"@type\":\"ListItem\",\"position\":2,\"name\":\"Preces\",\"item\":\"https:\/\/sleepwellbed.com\/lv\/preces\/\"},{\"@type\":\"ListItem\",\"position\":3,\"name\":\"HILDING KOLYSANKA LOTUS B\u0112RNU MATRACIS\"}]},{\"@type\":\"WebSite\",\"@id\":\"https:\/\/sleepwellbed.com\/#website\",\"url\":\"https:\/\/sleepwellbed.com\/\",\"name\":\"Sleepwell\",\"description\":\"\",\"potentialAction\":[{\"@type\":\"SearchAction\",\"target\":{\"@type\":\"EntryPoint\",\"urlTemplate\":\"https:\/\/sleepwellbed.com\/?s={search_term_string}\"},\"query-input\":{\"@type\":\"PropertyValueSpecification\",\"valueRequired\":true,\"valueName\":\"search_term_string\"}}],\"inLanguage\":\"lv-LV\"}]}<\/script>\n<!-- \/ Yoast SEO plugin. -->","yoast_head_json":{"title":"HILDING KOLYSANKA LOTUS B\u0112RNU MATRACIS - Sleepwell","robots":{"index":"index","follow":"follow","max-snippet":"max-snippet:-1","max-image-preview":"max-image-preview:large","max-video-preview":"max-video-preview:-1"},"canonical":"https:\/\/sleepwellbed.com\/lv\/product\/hilding-kolysanka-lotus-bernu-matracis\/","og_locale":"lv_LV","og_type":"article","og_title":"HILDING KOLYSANKA LOTUS B\u0112RNU MATRACIS - Sleepwell","og_description":"Divpus\u0113js b\u0113rnu matracis.Matra\u010da p\u0101rvalks ir ticis apstr\u0101d\u0101ts ar antialer\u0123isku iedarb\u012bbu.Matra\u010da apvalku var no\u0146emt un mazg\u0101t temperat\u016br\u0101 l\u012bdz 40 gr\u0101diem.","og_url":"https:\/\/sleepwellbed.com\/lv\/product\/hilding-kolysanka-lotus-bernu-matracis\/","og_site_name":"Sleepwell","article_modified_time":"2026-04-17T01:52:07+00:00","og_image":[{"width":1600,"height":913,"url":"https:\/\/sleepwellbed.com\/wp-content\/uploads\/2025\/11\/kolysanka_wyciety-kopia.png","type":"image\/png"}],"twitter_card":"summary_large_image","twitter_misc":{"Est. reading time":"1 minute"},"schema":{"@context":"https:\/\/schema.org","@graph":[{"@type":"WebPage","@id":"https:\/\/sleepwellbed.com\/lv\/product\/hilding-kolysanka-lotus-bernu-matracis\/","url":"https:\/\/sleepwellbed.com\/lv\/product\/hilding-kolysanka-lotus-bernu-matracis\/","name":"HILDING KOLYSANKA LOTUS B\u0112RNU MATRACIS - Sleepwell","isPartOf":{"@id":"https:\/\/sleepwellbed.com\/#website"},"primaryImageOfPage":{"@id":"https:\/\/sleepwellbed.com\/lv\/product\/hilding-kolysanka-lotus-bernu-matracis\/#primaryimage"},"image":{"@id":"https:\/\/sleepwellbed.com\/lv\/product\/hilding-kolysanka-lotus-bernu-matracis\/#primaryimage"},"thumbnailUrl":"https:\/\/sleepwellbed.com\/wp-content\/uploads\/2025\/11\/kolysanka_wyciety-kopia.png","datePublished":"2023-01-24T06:50:05+00:00","dateModified":"2026-04-17T01:52:07+00:00","breadcrumb":{"@id":"https:\/\/sleepwellbed.com\/lv\/product\/hilding-kolysanka-lotus-bernu-matracis\/#breadcrumb"},"inLanguage":"lv-LV","potentialAction":[{"@type":"ReadAction","target":["https:\/\/sleepwellbed.com\/lv\/product\/hilding-kolysanka-lotus-bernu-matracis\/"]}]},{"@type":"ImageObject","inLanguage":"lv-LV","@id":"https:\/\/sleepwellbed.com\/lv\/product\/hilding-kolysanka-lotus-bernu-matracis\/#primaryimage","url":"https:\/\/sleepwellbed.com\/wp-content\/uploads\/2025\/11\/kolysanka_wyciety-kopia.png","contentUrl":"https:\/\/sleepwellbed.com\/wp-content\/uploads\/2025\/11\/kolysanka_wyciety-kopia.png","width":1600,"height":913},{"@type":"BreadcrumbList","@id":"https:\/\/sleepwellbed.com\/lv\/product\/hilding-kolysanka-lotus-bernu-matracis\/#breadcrumb","itemListElement":[{"@type":"ListItem","position":1,"name":"Home","item":"https:\/\/sleepwellbed.com\/lv\/"},{"@type":"ListItem","position":2,"name":"Preces","item":"https:\/\/sleepwellbed.com\/lv\/preces\/"},{"@type":"ListItem","position":3,"name":"HILDING KOLYSANKA LOTUS B\u0112RNU MATRACIS"}]},{"@type":"WebSite","@id":"https:\/\/sleepwellbed.com\/#website","url":"https:\/\/sleepwellbed.com\/","name":"Sleepwell","description":"","potentialAction":[{"@type":"SearchAction","target":{"@type":"EntryPoint","urlTemplate":"https:\/\/sleepwellbed.com\/?s={search_term_string}"},"query-input":{"@type":"PropertyValueSpecification","valueRequired":true,"valueName":"search_term_string"}}],"inLanguage":"lv-LV"}]}},"_links":{"self":[{"href":"https:\/\/sleepwellbed.com\/lv\/wp-json\/wp\/v2\/product\/199009","targetHints":{"allow":["GET"]}}],"collection":[{"href":"https:\/\/sleepwellbed.com\/lv\/wp-json\/wp\/v2\/product"}],"about":[{"href":"https:\/\/sleepwellbed.com\/lv\/wp-json\/wp\/v2\/types\/product"}],"wp:featuredmedia":[{"embeddable":true,"href":"https:\/\/sleepwellbed.com\/lv\/wp-json\/wp\/v2\/media\/564324"}],"wp:attachment":[{"href":"https:\/\/sleepwellbed.com\/lv\/wp-json\/wp\/v2\/media?parent=199009"}],"wp:term":[{"taxonomy":"product_brand","embeddable":true,"href":"https:\/\/sleepwellbed.com\/lv\/wp-json\/wp\/v2\/product_brand?post=199009"},{"taxonomy":"product_cat","embeddable":true,"href":"https:\/\/sleepwellbed.com\/lv\/wp-json\/wp\/v2\/product_cat?post=199009"},{"taxonomy":"product_tag","embeddable":true,"href":"https:\/\/sleepwellbed.com\/lv\/wp-json\/wp\/v2\/product_tag?post=199009"}],"curies":[{"name":"wp","href":"https:\/\/api.w.org\/{rel}","templated":true}]}}