{"id":199033,"date":"2023-01-24T09:00:05","date_gmt":"2023-01-24T07:00:05","guid":{"rendered":"https:\/\/sleepwellbed.com\/product\/hilding-safe-smyk-vedrudeta-beebimadrats\/"},"modified":"2026-04-17T04:52:08","modified_gmt":"2026-04-17T01:52:08","slug":"hilding-safe-lotus-bernu-matracis","status":"publish","type":"product","link":"https:\/\/sleepwellbed.com\/lv\/product\/hilding-safe-lotus-bernu-matracis\/","title":{"rendered":"HILDING SAFE LOTUS B\u0112RNU MATRACIS"},"content":{"rendered":"<p><strong>Visi mazu\u013cu matra\u010di ra\u017eo\u0161anas procesa gait\u0101 tiek p\u0101rbaud\u012bti ar met\u0101la dedaktoru, t\u0101d\u0113j\u0101di Hilding garant\u0113, ka tie ir dro\u0161i un nesatur met\u0101la elementus.<\/strong><\/p>\n<p>Matracis ir t\u0101 profil\u0113ts, lai t\u0101 malas ir augst\u0101kas k\u0101 matra\u010da virsma un p\u0113c formas veidotu laivu.<br \/>Dro\u0161s matracis, jo t\u0101 forma ne\u013cauj b\u0113rni\u0146am no matra\u010da izkrist, t\u0101p\u0113c tas ir \u0113rts ar\u012b l\u012bdzi \u0146em\u0161anai br\u012bvdien\u0101s, izmantojams ar\u012b b\u0113rni\u0146a p\u0101rt\u012b\u0161anai.<\/p>\n<p>Novatoriskas Velvet Touch putas, kas speci\u0101li izstr\u0101d\u0101tas Hilding z\u012bmolam.<br \/>Velvet Touch putas ir \u013coti elast\u012bgas un m\u012bkstas, tam piem\u012bt \u012bpa\u0161\u012bbas, kas nodro\u0161ina labu matra\u010da ventil\u0101ciju un higi\u0113nu.<br \/>Pateicoties materi\u0101lu \u012bpa\u0161\u012bb\u0101m un profil\u0113jumam, matracis lieliski balsta b\u0113rna \u0137ermeni.<\/p>\n<p>Pild\u012bjums: profil\u0113tas, \u013coti elast\u012bgas 10cm augstas Velvet Touch putas, s\u0101nos 12cm augsts Flexifoam putu panelis.<br \/>Matra\u010da apvalkam ir mitrumiztur\u012bga un pretaler\u0123iska Lotus proced\u016bra bez optiskiem balin\u0101t\u0101jiem, kas neuz\u0146em traipus un ir viegli t\u012br\u0101ma.<\/p>\n<p><strong>Matra\u010da p\u0101rkl\u0101ju var no\u0146emt un mazg\u0101t l\u012bdz 40 gr\u0101du temperat\u016br\u0101<\/strong>.<br \/>Mieejamie izm\u0113ri: 60\u00d7120 cm, 70&#215;140 cm.<br \/>15 gadu garantija.<\/p>\n","protected":false},"excerpt":{"rendered":"<p>Matracis ir t\u0101 profil\u0113ts, lai t\u0101 malas ir augst\u0101kas k\u0101 matra\u010da virsma un p\u0113c formas veidotu laivu.<br \/>Matra\u010da p\u0101rvalks ir ticis apstr\u0101d\u0101ts ar antialer\u0123isku iedarb\u012bbu.<\/p>\n<p>Matra\u010da p\u0101rkl\u0101ju var no\u0146emt un mazg\u0101t l\u012bdz 40 gr\u0101du temperat\u016br\u0101.<\/p>\n","protected":false},"featured_media":564327,"template":"","meta":{"_acf_changed":false},"product_brand":[],"product_cat":[697],"product_tag":[698],"class_list":{"0":"post-199033","1":"product","2":"type-product","3":"status-publish","4":"has-post-thumbnail","6":"product_cat-putu-matracis","7":"product_tag-hilding-lv","8":"description-off","10":"first","11":"outofstock","12":"sale","13":"taxable","14":"shipping-taxable","15":"purchasable","16":"product-type-variable"},"acf":[],"yoast_head":"<!-- This site is optimized with the Yoast SEO plugin v27.0 - https:\/\/yoast.com\/product\/yoast-seo-wordpress\/ -->\n<title>HILDING SAFE LOTUS B\u0112RNU MATRACIS - Sleepwell<\/title>\n<meta name=\"robots\" content=\"index, follow, max-snippet:-1, max-image-preview:large, max-video-preview:-1\" \/>\n<link rel=\"canonical\" href=\"https:\/\/sleepwellbed.com\/lv\/product\/hilding-safe-lotus-bernu-matracis\/\" \/>\n<meta property=\"og:locale\" content=\"lv_LV\" \/>\n<meta property=\"og:type\" content=\"article\" \/>\n<meta property=\"og:title\" content=\"HILDING SAFE LOTUS B\u0112RNU MATRACIS - Sleepwell\" \/>\n<meta property=\"og:description\" content=\"Matracis ir t\u0101 profil\u0113ts, lai t\u0101 malas ir augst\u0101kas k\u0101 matra\u010da virsma un p\u0113c formas veidotu laivu.Matra\u010da p\u0101rvalks ir ticis apstr\u0101d\u0101ts ar antialer\u0123isku iedarb\u012bbu.Matra\u010da p\u0101rkl\u0101ju var no\u0146emt un mazg\u0101t l\u012bdz 40 gr\u0101du temperat\u016br\u0101.\" \/>\n<meta property=\"og:url\" content=\"https:\/\/sleepwellbed.com\/lv\/product\/hilding-safe-lotus-bernu-matracis\/\" \/>\n<meta property=\"og:site_name\" content=\"Sleepwell\" \/>\n<meta property=\"article:modified_time\" content=\"2026-04-17T01:52:08+00:00\" \/>\n<meta property=\"og:image\" content=\"https:\/\/sleepwellbed.com\/wp-content\/uploads\/2025\/11\/safety-smyk-.png\" \/>\n\t<meta property=\"og:image:width\" content=\"1500\" \/>\n\t<meta property=\"og:image:height\" content=\"1000\" \/>\n\t<meta property=\"og:image:type\" content=\"image\/png\" \/>\n<meta name=\"twitter:card\" content=\"summary_large_image\" \/>\n<meta name=\"twitter:label1\" content=\"Est. reading time\" \/>\n\t<meta name=\"twitter:data1\" content=\"1 minute\" \/>\n<script type=\"application\/ld+json\" class=\"yoast-schema-graph\">{\"@context\":\"https:\/\/schema.org\",\"@graph\":[{\"@type\":\"WebPage\",\"@id\":\"https:\/\/sleepwellbed.com\/lv\/product\/hilding-safe-lotus-bernu-matracis\/\",\"url\":\"https:\/\/sleepwellbed.com\/lv\/product\/hilding-safe-lotus-bernu-matracis\/\",\"name\":\"HILDING SAFE LOTUS B\u0112RNU MATRACIS - Sleepwell\",\"isPartOf\":{\"@id\":\"https:\/\/sleepwellbed.com\/#website\"},\"primaryImageOfPage\":{\"@id\":\"https:\/\/sleepwellbed.com\/lv\/product\/hilding-safe-lotus-bernu-matracis\/#primaryimage\"},\"image\":{\"@id\":\"https:\/\/sleepwellbed.com\/lv\/product\/hilding-safe-lotus-bernu-matracis\/#primaryimage\"},\"thumbnailUrl\":\"https:\/\/sleepwellbed.com\/wp-content\/uploads\/2025\/11\/safety-smyk-.png\",\"datePublished\":\"2023-01-24T07:00:05+00:00\",\"dateModified\":\"2026-04-17T01:52:08+00:00\",\"breadcrumb\":{\"@id\":\"https:\/\/sleepwellbed.com\/lv\/product\/hilding-safe-lotus-bernu-matracis\/#breadcrumb\"},\"inLanguage\":\"lv-LV\",\"potentialAction\":[{\"@type\":\"ReadAction\",\"target\":[\"https:\/\/sleepwellbed.com\/lv\/product\/hilding-safe-lotus-bernu-matracis\/\"]}]},{\"@type\":\"ImageObject\",\"inLanguage\":\"lv-LV\",\"@id\":\"https:\/\/sleepwellbed.com\/lv\/product\/hilding-safe-lotus-bernu-matracis\/#primaryimage\",\"url\":\"https:\/\/sleepwellbed.com\/wp-content\/uploads\/2025\/11\/safety-smyk-.png\",\"contentUrl\":\"https:\/\/sleepwellbed.com\/wp-content\/uploads\/2025\/11\/safety-smyk-.png\",\"width\":1500,\"height\":1000},{\"@type\":\"BreadcrumbList\",\"@id\":\"https:\/\/sleepwellbed.com\/lv\/product\/hilding-safe-lotus-bernu-matracis\/#breadcrumb\",\"itemListElement\":[{\"@type\":\"ListItem\",\"position\":1,\"name\":\"Home\",\"item\":\"https:\/\/sleepwellbed.com\/lv\/\"},{\"@type\":\"ListItem\",\"position\":2,\"name\":\"Preces\",\"item\":\"https:\/\/sleepwellbed.com\/lv\/preces\/\"},{\"@type\":\"ListItem\",\"position\":3,\"name\":\"HILDING SAFE LOTUS B\u0112RNU MATRACIS\"}]},{\"@type\":\"WebSite\",\"@id\":\"https:\/\/sleepwellbed.com\/#website\",\"url\":\"https:\/\/sleepwellbed.com\/\",\"name\":\"Sleepwell\",\"description\":\"\",\"potentialAction\":[{\"@type\":\"SearchAction\",\"target\":{\"@type\":\"EntryPoint\",\"urlTemplate\":\"https:\/\/sleepwellbed.com\/?s={search_term_string}\"},\"query-input\":{\"@type\":\"PropertyValueSpecification\",\"valueRequired\":true,\"valueName\":\"search_term_string\"}}],\"inLanguage\":\"lv-LV\"}]}<\/script>\n<!-- \/ Yoast SEO plugin. -->","yoast_head_json":{"title":"HILDING SAFE LOTUS B\u0112RNU MATRACIS - Sleepwell","robots":{"index":"index","follow":"follow","max-snippet":"max-snippet:-1","max-image-preview":"max-image-preview:large","max-video-preview":"max-video-preview:-1"},"canonical":"https:\/\/sleepwellbed.com\/lv\/product\/hilding-safe-lotus-bernu-matracis\/","og_locale":"lv_LV","og_type":"article","og_title":"HILDING SAFE LOTUS B\u0112RNU MATRACIS - Sleepwell","og_description":"Matracis ir t\u0101 profil\u0113ts, lai t\u0101 malas ir augst\u0101kas k\u0101 matra\u010da virsma un p\u0113c formas veidotu laivu.Matra\u010da p\u0101rvalks ir ticis apstr\u0101d\u0101ts ar antialer\u0123isku iedarb\u012bbu.Matra\u010da p\u0101rkl\u0101ju var no\u0146emt un mazg\u0101t l\u012bdz 40 gr\u0101du temperat\u016br\u0101.","og_url":"https:\/\/sleepwellbed.com\/lv\/product\/hilding-safe-lotus-bernu-matracis\/","og_site_name":"Sleepwell","article_modified_time":"2026-04-17T01:52:08+00:00","og_image":[{"width":1500,"height":1000,"url":"https:\/\/sleepwellbed.com\/wp-content\/uploads\/2025\/11\/safety-smyk-.png","type":"image\/png"}],"twitter_card":"summary_large_image","twitter_misc":{"Est. reading time":"1 minute"},"schema":{"@context":"https:\/\/schema.org","@graph":[{"@type":"WebPage","@id":"https:\/\/sleepwellbed.com\/lv\/product\/hilding-safe-lotus-bernu-matracis\/","url":"https:\/\/sleepwellbed.com\/lv\/product\/hilding-safe-lotus-bernu-matracis\/","name":"HILDING SAFE LOTUS B\u0112RNU MATRACIS - Sleepwell","isPartOf":{"@id":"https:\/\/sleepwellbed.com\/#website"},"primaryImageOfPage":{"@id":"https:\/\/sleepwellbed.com\/lv\/product\/hilding-safe-lotus-bernu-matracis\/#primaryimage"},"image":{"@id":"https:\/\/sleepwellbed.com\/lv\/product\/hilding-safe-lotus-bernu-matracis\/#primaryimage"},"thumbnailUrl":"https:\/\/sleepwellbed.com\/wp-content\/uploads\/2025\/11\/safety-smyk-.png","datePublished":"2023-01-24T07:00:05+00:00","dateModified":"2026-04-17T01:52:08+00:00","breadcrumb":{"@id":"https:\/\/sleepwellbed.com\/lv\/product\/hilding-safe-lotus-bernu-matracis\/#breadcrumb"},"inLanguage":"lv-LV","potentialAction":[{"@type":"ReadAction","target":["https:\/\/sleepwellbed.com\/lv\/product\/hilding-safe-lotus-bernu-matracis\/"]}]},{"@type":"ImageObject","inLanguage":"lv-LV","@id":"https:\/\/sleepwellbed.com\/lv\/product\/hilding-safe-lotus-bernu-matracis\/#primaryimage","url":"https:\/\/sleepwellbed.com\/wp-content\/uploads\/2025\/11\/safety-smyk-.png","contentUrl":"https:\/\/sleepwellbed.com\/wp-content\/uploads\/2025\/11\/safety-smyk-.png","width":1500,"height":1000},{"@type":"BreadcrumbList","@id":"https:\/\/sleepwellbed.com\/lv\/product\/hilding-safe-lotus-bernu-matracis\/#breadcrumb","itemListElement":[{"@type":"ListItem","position":1,"name":"Home","item":"https:\/\/sleepwellbed.com\/lv\/"},{"@type":"ListItem","position":2,"name":"Preces","item":"https:\/\/sleepwellbed.com\/lv\/preces\/"},{"@type":"ListItem","position":3,"name":"HILDING SAFE LOTUS B\u0112RNU MATRACIS"}]},{"@type":"WebSite","@id":"https:\/\/sleepwellbed.com\/#website","url":"https:\/\/sleepwellbed.com\/","name":"Sleepwell","description":"","potentialAction":[{"@type":"SearchAction","target":{"@type":"EntryPoint","urlTemplate":"https:\/\/sleepwellbed.com\/?s={search_term_string}"},"query-input":{"@type":"PropertyValueSpecification","valueRequired":true,"valueName":"search_term_string"}}],"inLanguage":"lv-LV"}]}},"_links":{"self":[{"href":"https:\/\/sleepwellbed.com\/lv\/wp-json\/wp\/v2\/product\/199033","targetHints":{"allow":["GET"]}}],"collection":[{"href":"https:\/\/sleepwellbed.com\/lv\/wp-json\/wp\/v2\/product"}],"about":[{"href":"https:\/\/sleepwellbed.com\/lv\/wp-json\/wp\/v2\/types\/product"}],"wp:featuredmedia":[{"embeddable":true,"href":"https:\/\/sleepwellbed.com\/lv\/wp-json\/wp\/v2\/media\/564327"}],"wp:attachment":[{"href":"https:\/\/sleepwellbed.com\/lv\/wp-json\/wp\/v2\/media?parent=199033"}],"wp:term":[{"taxonomy":"product_brand","embeddable":true,"href":"https:\/\/sleepwellbed.com\/lv\/wp-json\/wp\/v2\/product_brand?post=199033"},{"taxonomy":"product_cat","embeddable":true,"href":"https:\/\/sleepwellbed.com\/lv\/wp-json\/wp\/v2\/product_cat?post=199033"},{"taxonomy":"product_tag","embeddable":true,"href":"https:\/\/sleepwellbed.com\/lv\/wp-json\/wp\/v2\/product_tag?post=199033"}],"curies":[{"name":"wp","href":"https:\/\/api.w.org\/{rel}","templated":true}]}}