{"id":523007,"date":"2025-02-01T02:35:04","date_gmt":"2025-02-01T00:35:04","guid":{"rendered":"https:\/\/sleepwellbed.com\/product\/kit-sw22-red-modular\/"},"modified":"2026-05-12T06:36:56","modified_gmt":"2026-05-12T03:36:56","slug":"red-modular-gulta","status":"publish","type":"product","link":"https:\/\/sleepwellbed.com\/lv\/product\/red-modular-gulta\/","title":{"rendered":"RED MODULAR gulta"},"content":{"rendered":"<div>&nbsp;RED Modular gulta ir moderns un stil\u012bgs gul\u0113\u0161anas risin\u0101jums, kas apvieno iztur\u012bgu konstrukciju un minim\u0101lisma dizainu. Gultas r\u0101mis ir p\u0101rkl\u0101ts ar augstas kvalit\u0101tes audumu, un t\u0101s iztur\u012bgais koka karkass nodro\u0161ina ilgm\u016b\u017e\u012bbu.<br \/>&nbsp;Stabila un iztur\u012bga koka konstrukcija<br \/>&nbsp;\u0112rta un elpojo\u0161a gultas pamatne ar l\u012bst\u0113m.<br \/>&nbsp;Viegli samont\u0113jama un piem\u0113rota da\u017e\u0101diem matra\u010diem.<br \/>&nbsp;Minim\u0101listisks un p\u0101rlaic\u012bgs dizains, kas iederas jebkur\u0101 interjer\u0101.<br \/>&nbsp;<br \/>&nbsp;Komplekt\u0101 ietilpst gultas r\u0101mis, galvgalis, matra\u010da pamatne, atbalsta k\u0101ja un gultas k\u0101jas. Atsperu matracis nav iek\u013cauts komplekt\u0101, un tas j\u0101izv\u0113las atsevi\u0161\u0137i atbilsto\u0161i j\u016bsu v\u0113lm\u0113m.&nbsp;<br \/>&nbsp;<br \/>&nbsp;Pieejamie izm\u0113ri: 120&#215;200, 140&#215;200, 160&#215;200, 180&#215;200.<br \/>&nbsp;<br \/>&nbsp;\u0160\u012b gulta ir ide\u0101la izv\u0113le tiem, kas nov\u0113rt\u0113 komfortu, kvalit\u0101ti un modernu dizaina est\u0113tiku.<br \/>&nbsp;Papildiniet savu gu\u013camistabu ar RED Modular gultu un izveidojiet perfektu gu\u013camvietu, kur lielisks izskats satiekas ar komfortu!<br \/>&nbsp;Produkts ir izstr\u0101d\u0101ts un ra\u017eots Igaunij\u0101, izmantojot augstas kvalit\u0101tes un iztur\u012bgus materi\u0101lus. Visi ra\u017eo\u0161an\u0101 izmantotie materi\u0101li, piem\u0113ram, audums, kokvilna, vilna un vatel\u012bns, atbilst starptautiskajam \u00d6ko-Tex 100 standartam, kas nodro\u0161ina to draudz\u012bgumu videi un dro\u0161\u012bbu.<\/div>\n","protected":false},"excerpt":{"rendered":"<div>&nbsp;RED Modular gulta ir moderns un stil\u012bgs gul\u0113\u0161anas risin\u0101jums, kas apvieno iztur\u012bgu konstrukciju un minim\u0101lisma dizainu. Gultas r\u0101mis ir p\u0101rkl\u0101ts ar augstas kvalit\u0101tes audumu, un t\u0101s iztur\u012bgais koka karkass nodro\u0161ina ilgm\u016b\u017e\u012bbu.<br \/>&nbsp;Komplekt\u0101 ietilpst gultas r\u0101mis, gultas galvgalis, matra\u010da pamatne, atbalsta k\u0101ja un gultas k\u0101jas.<\/div>\n","protected":false},"featured_media":564139,"template":"","meta":{"_acf_changed":false},"product_brand":[],"product_cat":[692],"product_tag":[696],"class_list":{"0":"post-523007","1":"product","2":"type-product","3":"status-publish","4":"has-post-thumbnail","6":"product_cat-matracis-uz-koka-ramja","7":"product_tag-red-lv","8":"description-off","10":"first","11":"outofstock","12":"sale","13":"featured","14":"taxable","15":"shipping-taxable","16":"purchasable","17":"product-type-variable"},"acf":[],"yoast_head":"<!-- This site is optimized with the Yoast SEO plugin v27.0 - https:\/\/yoast.com\/product\/yoast-seo-wordpress\/ -->\n<title>RED MODULAR gulta - Sleepwell<\/title>\n<meta name=\"robots\" content=\"index, follow, max-snippet:-1, max-image-preview:large, max-video-preview:-1\" \/>\n<link rel=\"canonical\" href=\"https:\/\/sleepwellbed.com\/lv\/product\/red-modular-gulta\/\" \/>\n<meta property=\"og:locale\" content=\"lv_LV\" \/>\n<meta property=\"og:type\" content=\"article\" \/>\n<meta property=\"og:title\" content=\"RED MODULAR gulta - Sleepwell\" \/>\n<meta property=\"og:description\" content=\"&nbsp;RED Modular gulta ir moderns un stil\u012bgs gul\u0113\u0161anas risin\u0101jums, kas apvieno iztur\u012bgu konstrukciju un minim\u0101lisma dizainu. Gultas r\u0101mis ir p\u0101rkl\u0101ts ar augstas kvalit\u0101tes audumu, un t\u0101s iztur\u012bgais koka karkass nodro\u0161ina ilgm\u016b\u017e\u012bbu.&nbsp;Komplekt\u0101 ietilpst gultas r\u0101mis, gultas galvgalis, matra\u010da pamatne, atbalsta k\u0101ja un gultas k\u0101jas.\" \/>\n<meta property=\"og:url\" content=\"https:\/\/sleepwellbed.com\/lv\/product\/red-modular-gulta\/\" \/>\n<meta property=\"og:site_name\" content=\"Sleepwell\" \/>\n<meta property=\"article:modified_time\" content=\"2026-05-12T03:36:56+00:00\" \/>\n<meta property=\"og:image\" content=\"https:\/\/sleepwellbed.com\/wp-content\/uploads\/2025\/11\/RED-Modular-voodi-180.png\" \/>\n\t<meta property=\"og:image:width\" content=\"1413\" \/>\n\t<meta property=\"og:image:height\" content=\"1000\" \/>\n\t<meta property=\"og:image:type\" content=\"image\/png\" \/>\n<meta name=\"twitter:card\" content=\"summary_large_image\" \/>\n<meta name=\"twitter:label1\" content=\"Est. reading time\" \/>\n\t<meta name=\"twitter:data1\" content=\"1 minute\" \/>\n<script type=\"application\/ld+json\" class=\"yoast-schema-graph\">{\"@context\":\"https:\/\/schema.org\",\"@graph\":[{\"@type\":\"WebPage\",\"@id\":\"https:\/\/sleepwellbed.com\/lv\/product\/red-modular-gulta\/\",\"url\":\"https:\/\/sleepwellbed.com\/lv\/product\/red-modular-gulta\/\",\"name\":\"RED MODULAR gulta - Sleepwell\",\"isPartOf\":{\"@id\":\"https:\/\/sleepwellbed.com\/#website\"},\"primaryImageOfPage\":{\"@id\":\"https:\/\/sleepwellbed.com\/lv\/product\/red-modular-gulta\/#primaryimage\"},\"image\":{\"@id\":\"https:\/\/sleepwellbed.com\/lv\/product\/red-modular-gulta\/#primaryimage\"},\"thumbnailUrl\":\"https:\/\/sleepwellbed.com\/wp-content\/uploads\/2025\/11\/RED-Modular-voodi-180.png\",\"datePublished\":\"2025-02-01T00:35:04+00:00\",\"dateModified\":\"2026-05-12T03:36:56+00:00\",\"breadcrumb\":{\"@id\":\"https:\/\/sleepwellbed.com\/lv\/product\/red-modular-gulta\/#breadcrumb\"},\"inLanguage\":\"lv-LV\",\"potentialAction\":[{\"@type\":\"ReadAction\",\"target\":[\"https:\/\/sleepwellbed.com\/lv\/product\/red-modular-gulta\/\"]}]},{\"@type\":\"ImageObject\",\"inLanguage\":\"lv-LV\",\"@id\":\"https:\/\/sleepwellbed.com\/lv\/product\/red-modular-gulta\/#primaryimage\",\"url\":\"https:\/\/sleepwellbed.com\/wp-content\/uploads\/2025\/11\/RED-Modular-voodi-180.png\",\"contentUrl\":\"https:\/\/sleepwellbed.com\/wp-content\/uploads\/2025\/11\/RED-Modular-voodi-180.png\",\"width\":1413,\"height\":1000},{\"@type\":\"BreadcrumbList\",\"@id\":\"https:\/\/sleepwellbed.com\/lv\/product\/red-modular-gulta\/#breadcrumb\",\"itemListElement\":[{\"@type\":\"ListItem\",\"position\":1,\"name\":\"Home\",\"item\":\"https:\/\/sleepwellbed.com\/lv\/\"},{\"@type\":\"ListItem\",\"position\":2,\"name\":\"Preces\",\"item\":\"https:\/\/sleepwellbed.com\/lv\/preces\/\"},{\"@type\":\"ListItem\",\"position\":3,\"name\":\"RED MODULAR gulta\"}]},{\"@type\":\"WebSite\",\"@id\":\"https:\/\/sleepwellbed.com\/#website\",\"url\":\"https:\/\/sleepwellbed.com\/\",\"name\":\"Sleepwell\",\"description\":\"\",\"potentialAction\":[{\"@type\":\"SearchAction\",\"target\":{\"@type\":\"EntryPoint\",\"urlTemplate\":\"https:\/\/sleepwellbed.com\/?s={search_term_string}\"},\"query-input\":{\"@type\":\"PropertyValueSpecification\",\"valueRequired\":true,\"valueName\":\"search_term_string\"}}],\"inLanguage\":\"lv-LV\"}]}<\/script>\n<!-- \/ Yoast SEO plugin. -->","yoast_head_json":{"title":"RED MODULAR gulta - Sleepwell","robots":{"index":"index","follow":"follow","max-snippet":"max-snippet:-1","max-image-preview":"max-image-preview:large","max-video-preview":"max-video-preview:-1"},"canonical":"https:\/\/sleepwellbed.com\/lv\/product\/red-modular-gulta\/","og_locale":"lv_LV","og_type":"article","og_title":"RED MODULAR gulta - Sleepwell","og_description":"&nbsp;RED Modular gulta ir moderns un stil\u012bgs gul\u0113\u0161anas risin\u0101jums, kas apvieno iztur\u012bgu konstrukciju un minim\u0101lisma dizainu. Gultas r\u0101mis ir p\u0101rkl\u0101ts ar augstas kvalit\u0101tes audumu, un t\u0101s iztur\u012bgais koka karkass nodro\u0161ina ilgm\u016b\u017e\u012bbu.&nbsp;Komplekt\u0101 ietilpst gultas r\u0101mis, gultas galvgalis, matra\u010da pamatne, atbalsta k\u0101ja un gultas k\u0101jas.","og_url":"https:\/\/sleepwellbed.com\/lv\/product\/red-modular-gulta\/","og_site_name":"Sleepwell","article_modified_time":"2026-05-12T03:36:56+00:00","og_image":[{"width":1413,"height":1000,"url":"https:\/\/sleepwellbed.com\/wp-content\/uploads\/2025\/11\/RED-Modular-voodi-180.png","type":"image\/png"}],"twitter_card":"summary_large_image","twitter_misc":{"Est. reading time":"1 minute"},"schema":{"@context":"https:\/\/schema.org","@graph":[{"@type":"WebPage","@id":"https:\/\/sleepwellbed.com\/lv\/product\/red-modular-gulta\/","url":"https:\/\/sleepwellbed.com\/lv\/product\/red-modular-gulta\/","name":"RED MODULAR gulta - Sleepwell","isPartOf":{"@id":"https:\/\/sleepwellbed.com\/#website"},"primaryImageOfPage":{"@id":"https:\/\/sleepwellbed.com\/lv\/product\/red-modular-gulta\/#primaryimage"},"image":{"@id":"https:\/\/sleepwellbed.com\/lv\/product\/red-modular-gulta\/#primaryimage"},"thumbnailUrl":"https:\/\/sleepwellbed.com\/wp-content\/uploads\/2025\/11\/RED-Modular-voodi-180.png","datePublished":"2025-02-01T00:35:04+00:00","dateModified":"2026-05-12T03:36:56+00:00","breadcrumb":{"@id":"https:\/\/sleepwellbed.com\/lv\/product\/red-modular-gulta\/#breadcrumb"},"inLanguage":"lv-LV","potentialAction":[{"@type":"ReadAction","target":["https:\/\/sleepwellbed.com\/lv\/product\/red-modular-gulta\/"]}]},{"@type":"ImageObject","inLanguage":"lv-LV","@id":"https:\/\/sleepwellbed.com\/lv\/product\/red-modular-gulta\/#primaryimage","url":"https:\/\/sleepwellbed.com\/wp-content\/uploads\/2025\/11\/RED-Modular-voodi-180.png","contentUrl":"https:\/\/sleepwellbed.com\/wp-content\/uploads\/2025\/11\/RED-Modular-voodi-180.png","width":1413,"height":1000},{"@type":"BreadcrumbList","@id":"https:\/\/sleepwellbed.com\/lv\/product\/red-modular-gulta\/#breadcrumb","itemListElement":[{"@type":"ListItem","position":1,"name":"Home","item":"https:\/\/sleepwellbed.com\/lv\/"},{"@type":"ListItem","position":2,"name":"Preces","item":"https:\/\/sleepwellbed.com\/lv\/preces\/"},{"@type":"ListItem","position":3,"name":"RED MODULAR gulta"}]},{"@type":"WebSite","@id":"https:\/\/sleepwellbed.com\/#website","url":"https:\/\/sleepwellbed.com\/","name":"Sleepwell","description":"","potentialAction":[{"@type":"SearchAction","target":{"@type":"EntryPoint","urlTemplate":"https:\/\/sleepwellbed.com\/?s={search_term_string}"},"query-input":{"@type":"PropertyValueSpecification","valueRequired":true,"valueName":"search_term_string"}}],"inLanguage":"lv-LV"}]}},"_links":{"self":[{"href":"https:\/\/sleepwellbed.com\/lv\/wp-json\/wp\/v2\/product\/523007","targetHints":{"allow":["GET"]}}],"collection":[{"href":"https:\/\/sleepwellbed.com\/lv\/wp-json\/wp\/v2\/product"}],"about":[{"href":"https:\/\/sleepwellbed.com\/lv\/wp-json\/wp\/v2\/types\/product"}],"wp:featuredmedia":[{"embeddable":true,"href":"https:\/\/sleepwellbed.com\/lv\/wp-json\/wp\/v2\/media\/564139"}],"wp:attachment":[{"href":"https:\/\/sleepwellbed.com\/lv\/wp-json\/wp\/v2\/media?parent=523007"}],"wp:term":[{"taxonomy":"product_brand","embeddable":true,"href":"https:\/\/sleepwellbed.com\/lv\/wp-json\/wp\/v2\/product_brand?post=523007"},{"taxonomy":"product_cat","embeddable":true,"href":"https:\/\/sleepwellbed.com\/lv\/wp-json\/wp\/v2\/product_cat?post=523007"},{"taxonomy":"product_tag","embeddable":true,"href":"https:\/\/sleepwellbed.com\/lv\/wp-json\/wp\/v2\/product_tag?post=523007"}],"curies":[{"name":"wp","href":"https:\/\/api.w.org\/{rel}","templated":true}]}}