{"id":533747,"date":"2025-06-01T02:45:03","date_gmt":"2025-05-31T23:45:03","guid":{"rendered":"https:\/\/sleepwellbed.com\/product\/top-hygienic-cool-madratsikaitse\/"},"modified":"2026-05-14T08:15:56","modified_gmt":"2026-05-14T05:15:56","slug":"top-hygienic-cool-matraca-aizsardziba","status":"publish","type":"product","link":"https:\/\/sleepwellbed.com\/lv\/product\/top-hygienic-cool-matraca-aizsardziba\/","title":{"rendered":"TOP HYGIENIC COOL MATRA\u010cA AIZSARDZ\u012aBA"},"content":{"rendered":"<div>\u0160is inovat\u012bvais matra\u010da p\u0101rvalks ir rad\u012bts, lai uzlabotu miega komfortu, nodro\u0161inot efekt\u012bvu dzes\u0113\u0161anu pat silt\u0101s vasaras nakt\u012bs.<\/p>\n<p>P\u0101rvalks izgatavots no dzes\u0113jo\u0161a \u201e<strong>Coolness<\/strong>\u201c auduma, kura tehnolo\u0123ija nodro\u0161ina optim\u0101lu gaisa cirkul\u0101ciju un siltuma izkliedi. Tas rada svaigu un pat\u012bkami v\u0113su gul\u0113\u0161anas vidi, pal\u012bdzot saglab\u0101t miega kvalit\u0101ti visu nakti.<\/p>\n<p>Vesel\u012bbu atbalsto\u0161a un svaigumu uzturo\u0161a miega pieredze ir garant\u0113ta.<\/p>\n<p>P\u0101rvalka st\u016bros iestr\u0101d\u0101tas gumijas lentes \u013cauj to \u0113rti un dro\u0161i piestiprin\u0101t pie pamatmatra\u010da.<\/p>\n<p>Matra\u010da p\u0101rvalku var mazg\u0101t ve\u013cas ma\u0161\u012bn\u0101 l\u012bdz 30 gr\u0101du temperat\u016br\u0101, nodro\u0161inot vienk\u0101r\u0161u kop\u0161anu un ilgsto\u0161u kvalit\u0101ti.<\/p>\n<p>Pieejamie izm\u0113ri: 80&#215;200, 90&#215;200, 120&#215;200, 140&#215;200, 160&#215;200, 180&#215;200. Ir iesp\u0113jams pas\u016bt\u012bt ar\u012b izstr\u0101d\u0101jumus ar nestandarta izm\u0113riem.<\/p>\n<p>Produkts ir izstr\u0101d\u0101ts un ra\u017eots Igaunij\u0101.<\/p>\n<p>Visi materi\u0101li, kas tiek izmantoti Sleepwell produktos, tostarp audumi, kokvilna, vilna un vate, atbilst starptautiskajam Oeko-Tex 100 standartam, nodro\u0161inot videi draudz\u012bgumu un dro\u0161\u012bbu.<\/p><\/div>\n","protected":false},"excerpt":{"rendered":"<div><strong>Atsvaidzino\u0161s matra\u010da p\u0101rvalks<\/strong>, kas nodro\u0161ina svaigu un \u0113rtu miegu \u2013 efekt\u012bvi dzes\u0113 pat karst\u0101s vasaras nakt\u012bs.<\/p>\n<p>Elpojo\u0161s un siltumu izklied\u0113jo\u0161s \u201e<strong>Coolness<\/strong>\u201c audums rada pat\u012bkami v\u0113su gul\u0113\u0161anas vidi.<\/p>\n<p>P\u0101rvalku var mazg\u0101t ve\u013cas ma\u0161\u012bn\u0101 l\u012bdz <strong>30 gr\u0101du temperat\u016br\u0101<\/strong>.<\/div>\n","protected":false},"featured_media":564090,"template":"","meta":{"_acf_changed":false},"product_brand":[],"product_cat":[705],"product_tag":[715],"class_list":{"0":"post-533747","1":"product","2":"type-product","3":"status-publish","4":"has-post-thumbnail","6":"product_cat-virsmatracis","7":"product_tag-top-lv","8":"description-off","10":"first","11":"outofstock","12":"sale","13":"taxable","14":"shipping-taxable","15":"purchasable","16":"product-type-variable"},"acf":[],"yoast_head":"<!-- This site is optimized with the Yoast SEO plugin v27.0 - https:\/\/yoast.com\/product\/yoast-seo-wordpress\/ -->\n<title>TOP HYGIENIC COOL MATRA\u010cA AIZSARDZ\u012aBA - Sleepwell<\/title>\n<meta name=\"robots\" content=\"index, follow, max-snippet:-1, max-image-preview:large, max-video-preview:-1\" \/>\n<link rel=\"canonical\" href=\"https:\/\/sleepwellbed.com\/lv\/product\/top-hygienic-cool-matraca-aizsardziba\/\" \/>\n<meta property=\"og:locale\" content=\"lv_LV\" \/>\n<meta property=\"og:type\" content=\"article\" \/>\n<meta property=\"og:title\" content=\"TOP HYGIENIC COOL MATRA\u010cA AIZSARDZ\u012aBA - Sleepwell\" \/>\n<meta property=\"og:description\" content=\"Atsvaidzino\u0161s matra\u010da p\u0101rvalks, kas nodro\u0161ina svaigu un \u0113rtu miegu \u2013 efekt\u012bvi dzes\u0113 pat karst\u0101s vasaras nakt\u012bs.Elpojo\u0161s un siltumu izklied\u0113jo\u0161s \u201eCoolness\u201c audums rada pat\u012bkami v\u0113su gul\u0113\u0161anas vidi.P\u0101rvalku var mazg\u0101t ve\u013cas ma\u0161\u012bn\u0101 l\u012bdz 30 gr\u0101du temperat\u016br\u0101.\" \/>\n<meta property=\"og:url\" content=\"https:\/\/sleepwellbed.com\/lv\/product\/top-hygienic-cool-matraca-aizsardziba\/\" \/>\n<meta property=\"og:site_name\" content=\"Sleepwell\" \/>\n<meta property=\"article:modified_time\" content=\"2026-05-14T05:15:56+00:00\" \/>\n<meta property=\"og:image\" content=\"https:\/\/sleepwellbed.com\/wp-content\/uploads\/2025\/11\/TOP-HYGIENIC-COOL-160-kate.png\" \/>\n\t<meta property=\"og:image:width\" content=\"1333\" \/>\n\t<meta property=\"og:image:height\" content=\"1000\" \/>\n\t<meta property=\"og:image:type\" content=\"image\/png\" \/>\n<meta name=\"twitter:card\" content=\"summary_large_image\" \/>\n<meta name=\"twitter:label1\" content=\"Est. reading time\" \/>\n\t<meta name=\"twitter:data1\" content=\"1 minute\" \/>\n<script type=\"application\/ld+json\" class=\"yoast-schema-graph\">{\"@context\":\"https:\/\/schema.org\",\"@graph\":[{\"@type\":\"WebPage\",\"@id\":\"https:\/\/sleepwellbed.com\/lv\/product\/top-hygienic-cool-matraca-aizsardziba\/\",\"url\":\"https:\/\/sleepwellbed.com\/lv\/product\/top-hygienic-cool-matraca-aizsardziba\/\",\"name\":\"TOP HYGIENIC COOL MATRA\u010cA AIZSARDZ\u012aBA - Sleepwell\",\"isPartOf\":{\"@id\":\"https:\/\/sleepwellbed.com\/#website\"},\"primaryImageOfPage\":{\"@id\":\"https:\/\/sleepwellbed.com\/lv\/product\/top-hygienic-cool-matraca-aizsardziba\/#primaryimage\"},\"image\":{\"@id\":\"https:\/\/sleepwellbed.com\/lv\/product\/top-hygienic-cool-matraca-aizsardziba\/#primaryimage\"},\"thumbnailUrl\":\"https:\/\/sleepwellbed.com\/wp-content\/uploads\/2025\/11\/TOP-HYGIENIC-COOL-160-kate.png\",\"datePublished\":\"2025-05-31T23:45:03+00:00\",\"dateModified\":\"2026-05-14T05:15:56+00:00\",\"breadcrumb\":{\"@id\":\"https:\/\/sleepwellbed.com\/lv\/product\/top-hygienic-cool-matraca-aizsardziba\/#breadcrumb\"},\"inLanguage\":\"lv-LV\",\"potentialAction\":[{\"@type\":\"ReadAction\",\"target\":[\"https:\/\/sleepwellbed.com\/lv\/product\/top-hygienic-cool-matraca-aizsardziba\/\"]}]},{\"@type\":\"ImageObject\",\"inLanguage\":\"lv-LV\",\"@id\":\"https:\/\/sleepwellbed.com\/lv\/product\/top-hygienic-cool-matraca-aizsardziba\/#primaryimage\",\"url\":\"https:\/\/sleepwellbed.com\/wp-content\/uploads\/2025\/11\/TOP-HYGIENIC-COOL-160-kate.png\",\"contentUrl\":\"https:\/\/sleepwellbed.com\/wp-content\/uploads\/2025\/11\/TOP-HYGIENIC-COOL-160-kate.png\",\"width\":1333,\"height\":1000},{\"@type\":\"BreadcrumbList\",\"@id\":\"https:\/\/sleepwellbed.com\/lv\/product\/top-hygienic-cool-matraca-aizsardziba\/#breadcrumb\",\"itemListElement\":[{\"@type\":\"ListItem\",\"position\":1,\"name\":\"Home\",\"item\":\"https:\/\/sleepwellbed.com\/lv\/\"},{\"@type\":\"ListItem\",\"position\":2,\"name\":\"Preces\",\"item\":\"https:\/\/sleepwellbed.com\/lv\/preces\/\"},{\"@type\":\"ListItem\",\"position\":3,\"name\":\"TOP HYGIENIC COOL MATRA\u010cA AIZSARDZ\u012aBA\"}]},{\"@type\":\"WebSite\",\"@id\":\"https:\/\/sleepwellbed.com\/#website\",\"url\":\"https:\/\/sleepwellbed.com\/\",\"name\":\"Sleepwell\",\"description\":\"\",\"potentialAction\":[{\"@type\":\"SearchAction\",\"target\":{\"@type\":\"EntryPoint\",\"urlTemplate\":\"https:\/\/sleepwellbed.com\/?s={search_term_string}\"},\"query-input\":{\"@type\":\"PropertyValueSpecification\",\"valueRequired\":true,\"valueName\":\"search_term_string\"}}],\"inLanguage\":\"lv-LV\"}]}<\/script>\n<!-- \/ Yoast SEO plugin. -->","yoast_head_json":{"title":"TOP HYGIENIC COOL MATRA\u010cA AIZSARDZ\u012aBA - Sleepwell","robots":{"index":"index","follow":"follow","max-snippet":"max-snippet:-1","max-image-preview":"max-image-preview:large","max-video-preview":"max-video-preview:-1"},"canonical":"https:\/\/sleepwellbed.com\/lv\/product\/top-hygienic-cool-matraca-aizsardziba\/","og_locale":"lv_LV","og_type":"article","og_title":"TOP HYGIENIC COOL MATRA\u010cA AIZSARDZ\u012aBA - Sleepwell","og_description":"Atsvaidzino\u0161s matra\u010da p\u0101rvalks, kas nodro\u0161ina svaigu un \u0113rtu miegu \u2013 efekt\u012bvi dzes\u0113 pat karst\u0101s vasaras nakt\u012bs.Elpojo\u0161s un siltumu izklied\u0113jo\u0161s \u201eCoolness\u201c audums rada pat\u012bkami v\u0113su gul\u0113\u0161anas vidi.P\u0101rvalku var mazg\u0101t ve\u013cas ma\u0161\u012bn\u0101 l\u012bdz 30 gr\u0101du temperat\u016br\u0101.","og_url":"https:\/\/sleepwellbed.com\/lv\/product\/top-hygienic-cool-matraca-aizsardziba\/","og_site_name":"Sleepwell","article_modified_time":"2026-05-14T05:15:56+00:00","og_image":[{"width":1333,"height":1000,"url":"https:\/\/sleepwellbed.com\/wp-content\/uploads\/2025\/11\/TOP-HYGIENIC-COOL-160-kate.png","type":"image\/png"}],"twitter_card":"summary_large_image","twitter_misc":{"Est. reading time":"1 minute"},"schema":{"@context":"https:\/\/schema.org","@graph":[{"@type":"WebPage","@id":"https:\/\/sleepwellbed.com\/lv\/product\/top-hygienic-cool-matraca-aizsardziba\/","url":"https:\/\/sleepwellbed.com\/lv\/product\/top-hygienic-cool-matraca-aizsardziba\/","name":"TOP HYGIENIC COOL MATRA\u010cA AIZSARDZ\u012aBA - Sleepwell","isPartOf":{"@id":"https:\/\/sleepwellbed.com\/#website"},"primaryImageOfPage":{"@id":"https:\/\/sleepwellbed.com\/lv\/product\/top-hygienic-cool-matraca-aizsardziba\/#primaryimage"},"image":{"@id":"https:\/\/sleepwellbed.com\/lv\/product\/top-hygienic-cool-matraca-aizsardziba\/#primaryimage"},"thumbnailUrl":"https:\/\/sleepwellbed.com\/wp-content\/uploads\/2025\/11\/TOP-HYGIENIC-COOL-160-kate.png","datePublished":"2025-05-31T23:45:03+00:00","dateModified":"2026-05-14T05:15:56+00:00","breadcrumb":{"@id":"https:\/\/sleepwellbed.com\/lv\/product\/top-hygienic-cool-matraca-aizsardziba\/#breadcrumb"},"inLanguage":"lv-LV","potentialAction":[{"@type":"ReadAction","target":["https:\/\/sleepwellbed.com\/lv\/product\/top-hygienic-cool-matraca-aizsardziba\/"]}]},{"@type":"ImageObject","inLanguage":"lv-LV","@id":"https:\/\/sleepwellbed.com\/lv\/product\/top-hygienic-cool-matraca-aizsardziba\/#primaryimage","url":"https:\/\/sleepwellbed.com\/wp-content\/uploads\/2025\/11\/TOP-HYGIENIC-COOL-160-kate.png","contentUrl":"https:\/\/sleepwellbed.com\/wp-content\/uploads\/2025\/11\/TOP-HYGIENIC-COOL-160-kate.png","width":1333,"height":1000},{"@type":"BreadcrumbList","@id":"https:\/\/sleepwellbed.com\/lv\/product\/top-hygienic-cool-matraca-aizsardziba\/#breadcrumb","itemListElement":[{"@type":"ListItem","position":1,"name":"Home","item":"https:\/\/sleepwellbed.com\/lv\/"},{"@type":"ListItem","position":2,"name":"Preces","item":"https:\/\/sleepwellbed.com\/lv\/preces\/"},{"@type":"ListItem","position":3,"name":"TOP HYGIENIC COOL MATRA\u010cA AIZSARDZ\u012aBA"}]},{"@type":"WebSite","@id":"https:\/\/sleepwellbed.com\/#website","url":"https:\/\/sleepwellbed.com\/","name":"Sleepwell","description":"","potentialAction":[{"@type":"SearchAction","target":{"@type":"EntryPoint","urlTemplate":"https:\/\/sleepwellbed.com\/?s={search_term_string}"},"query-input":{"@type":"PropertyValueSpecification","valueRequired":true,"valueName":"search_term_string"}}],"inLanguage":"lv-LV"}]}},"_links":{"self":[{"href":"https:\/\/sleepwellbed.com\/lv\/wp-json\/wp\/v2\/product\/533747","targetHints":{"allow":["GET"]}}],"collection":[{"href":"https:\/\/sleepwellbed.com\/lv\/wp-json\/wp\/v2\/product"}],"about":[{"href":"https:\/\/sleepwellbed.com\/lv\/wp-json\/wp\/v2\/types\/product"}],"wp:featuredmedia":[{"embeddable":true,"href":"https:\/\/sleepwellbed.com\/lv\/wp-json\/wp\/v2\/media\/564090"}],"wp:attachment":[{"href":"https:\/\/sleepwellbed.com\/lv\/wp-json\/wp\/v2\/media?parent=533747"}],"wp:term":[{"taxonomy":"product_brand","embeddable":true,"href":"https:\/\/sleepwellbed.com\/lv\/wp-json\/wp\/v2\/product_brand?post=533747"},{"taxonomy":"product_cat","embeddable":true,"href":"https:\/\/sleepwellbed.com\/lv\/wp-json\/wp\/v2\/product_cat?post=533747"},{"taxonomy":"product_tag","embeddable":true,"href":"https:\/\/sleepwellbed.com\/lv\/wp-json\/wp\/v2\/product_tag?post=533747"}],"curies":[{"name":"wp","href":"https:\/\/api.w.org\/{rel}","templated":true}]}}